{"id":3718,"date":"2020-03-13T14:36:43","date_gmt":"2020-03-13T13:36:43","guid":{"rendered":"https:\/\/cnrm.uniri.hr\/?page_id=3718"},"modified":"2020-10-16T16:40:46","modified_gmt":"2020-10-16T14:40:46","slug":"atos-triple-scan","status":"publish","type":"page","link":"https:\/\/cnrm.uniri.hr\/hr\/atos-triple-scan\/","title":{"rendered":"ATOS Triple Scan"},"content":{"rendered":"<p><\/p>\n<style>\nul {list-style-position: inside;}\n<\/style>\n<div style=\"text-align: justify;\">\n<a class=\"reference external\" href=\"https:\/\/www.gom.com\/metrology-systems\/atos\/atos-triple-scan.html\">ATOS III Triple Scan<\/a> je opti\u010dki 3D mjerni sustav dizajniran kao univerzalno rje\u0161enje za razli\u010dite aplikacije. Kombinacija 3D mjerenja cjelovitih povr\u0161ina i pojedina\u010dnih to\u010daka osigurava potpunu mjernu fleksibilnost i prilagodljivost sustava. To\u010dnost, razlu\u010divost mjerenja i mjerno podru\u010dje su potpuno prilagodljivi zahtjevima primjene. Modularnost sustava s jedne strane omogu\u0107ava postizanje najvi\u0161e rezolucije za vrlo detaljno mjerenje unutar malih mjernih podru\u010dja (od 38 mm) a s druge strane brzu digitalizaciju velikih objekata s mjernim podru\u010djima do 2 m. <\/p>\n<p>U kombinaciji sa sustavom <a class=\"reference external\" href=\"https:\/\/www.gom.com\/metrology-systems\/tritop.html\">TRITOP<\/a>, ATOS III Triple Scan posti\u017ee visoku lokalnu rezoluciju i kod skeniranja objekata ve\u0107ih od nekoliko desetaka metara. ATOS mjerno ticalo (GOM Touch Probe) ujedinjuje opti\u010dka i kontaktna 3D mjerenja te omogu\u0107uje brza mjerenja bez posebne pripreme, \u010dak i u to\u010dkama koje je ina\u010de te\u0161ko izmjeriti, izravnu usporedbu CAD geometrije, mjerenje primitiva, jednostavna mjerenja individualnih to\u010daka i poklapanje u realnom vremenu. 3D skeniranje povr\u0161ine opti\u010dkim beskontaktnim sustavom ATOS i taktilna mjerenja mjernim ticalom provode se i analiziraju unutar istog programskog paketa.<\/p>\n<p><strong>Klju\u010dne karakteristike:<\/strong><\/p>\n<ul class=\"simple\">\n<li>Karakteristi\u010dna tehnologija plave svjetlosti koja smanjuje utjecaj okoli\u0161nog osvjetljenja<\/li>\n<li>Triple Scan princip projiciranja i bilje\u017eenja podataka koji maksimalno iskori\u0161tava sustav 2 kamere 1 projektor <\/li>\n<li>Veliki izbor mjernih podru\u010dja za razli\u010dite aplikacije i dimenzije komada<\/li>\n<li>Mogu\u0107nost nadogradnje fotogrametrijskim i\/ili automatiziranim sustavom<\/li>\n<li>Robustan dizajn senzora spreman za kori\u0161tenje u automatiziranim proizvodnim uvjetima<\/li>\n<\/ul>\n<\/div>\n<p>&nbsp;<br \/>\n<div id=\"metaslider-id-4983\" style=\"max-width: 600px; margin: 0 auto;\" class=\"ml-slider-3-60-1 metaslider metaslider-flex metaslider-4983 ml-slider ms-theme-cubic nav-hidden nav-hidden\" role=\"region\" aria-roledescription=\"Slideshow\" aria-label=\"atos\">\n    <div id=\"metaslider_container_4983\">\n        <div id=\"metaslider_4983\">\n            <ul aria-live=\"polite\" class=\"slides\">\n                <li style=\"display: block; width: 100%;\" class=\"slide-5857 ms-image\" aria-roledescription=\"slide\" aria-label=\"slide-5857\"><img src=\"https:\/\/cnrm.uniri.hr\/upload\/2020\/03\/ATOSIII_2-533x533.jpg\" height=\"600\" width=\"600\" alt=\"\" class=\"slider-4983 slide-5857\" title=\"ATOSIII_2\" \/><\/li>\n                <li style=\"display: none; width: 100%;\" class=\"slide-6231 ms-image\" aria-roledescription=\"slide\" aria-label=\"slide-6231\"><img src=\"https:\/\/cnrm.uniri.hr\/upload\/2020\/05\/atos_scans1-600x600.png\" height=\"600\" width=\"600\" alt=\"\" class=\"slider-4983 slide-6231\" title=\"atos_scans1\" \/><\/li>\n                <li style=\"display: none; width: 100%;\" class=\"slide-6232 ms-image\" aria-roledescription=\"slide\" aria-label=\"slide-6232\"><img src=\"https:\/\/cnrm.uniri.hr\/upload\/2020\/05\/atos_scans2-600x600.png\" height=\"600\" width=\"600\" alt=\"\" class=\"slider-4983 slide-6232\" title=\"atos_scans2\" \/><\/li>\n                <li style=\"display: none; width: 100%;\" class=\"slide-6348 ms-image\" aria-roledescription=\"slide\" aria-label=\"slide-6348\"><img src=\"https:\/\/cnrm.uniri.hr\/upload\/2020\/09\/atos_scan_blade-518x518.png\" height=\"600\" width=\"600\" alt=\"\" class=\"slider-4983 slide-6348\" title=\"atos_scan_blade\" \/><\/li>\n                <li style=\"display: none; width: 100%;\" class=\"slide-6349 ms-image\" aria-roledescription=\"slide\" aria-label=\"slide-6349\"><img src=\"https:\/\/cnrm.uniri.hr\/upload\/2020\/09\/atos_scan_compressor-537x537.png\" height=\"600\" width=\"600\" alt=\"\" class=\"slider-4983 slide-6349\" title=\"atos_scan_compressor\" \/><\/li>\n                <li style=\"display: none; width: 100%;\" class=\"slide-4987 ms-image\" aria-roledescription=\"slide\" aria-label=\"slide-4987\"><img src=\"https:\/\/cnrm.uniri.hr\/upload\/2020\/03\/atos-4-scaled-600x600.jpg\" height=\"600\" width=\"600\" alt=\"\" class=\"slider-4983 slide-4987\" title=\"atos (4)\" \/><\/li>\n                <li style=\"display: none; width: 100%;\" class=\"slide-4984 ms-image\" aria-roledescription=\"slide\" aria-label=\"slide-4984\"><img src=\"https:\/\/cnrm.uniri.hr\/upload\/2020\/03\/atos-1-scaled-600x600.jpg\" height=\"600\" width=\"600\" alt=\"\" class=\"slider-4983 slide-4984\" title=\"atos (1)\" \/><\/li>\n                <li style=\"display: none; width: 100%;\" class=\"slide-4985 ms-image\" aria-roledescription=\"slide\" aria-label=\"slide-4985\"><img src=\"https:\/\/cnrm.uniri.hr\/upload\/2020\/03\/atos-2-scaled-600x600.jpg\" height=\"600\" width=\"600\" alt=\"\" class=\"slider-4983 slide-4985\" title=\"atos (2)\" \/><\/li>\n                <li style=\"display: none; width: 100%;\" class=\"slide-5859 ms-image\" aria-roledescription=\"slide\" aria-label=\"slide-5859\"><img src=\"https:\/\/cnrm.uniri.hr\/upload\/2020\/03\/atos-3-600x600.jpg\" height=\"600\" width=\"600\" alt=\"\" class=\"slider-4983 slide-5859\" title=\"atos (3)\" \/><\/li>\n            <\/ul>\n        <\/div>\n        \n    <\/div>\n<\/div><\/p>\n<div align=\"right\">\n<font size=1>Materijale ustupila TOPOMATIKA d.o.o.<\/font>\n<\/div>\n<p><\/p>","protected":false},"excerpt":{"rendered":"<p>ATOS III Triple Scan je opti\u010dki 3D mjerni sustav dizajniran kao univerzalno rje\u0161enje za razli\u010dite aplikacije. Kombinacija 3D mjerenja cjelovitih povr\u0161ina i pojedina\u010dnih to\u010daka osigurava potpunu mjernu fleksibilnost i prilagodljivost sustava. To\u010dnost, razlu\u010divost mjerenja i mjerno podru\u010dje su potpuno prilagodljivi&hellip;&nbsp;<a href=\"https:\/\/cnrm.uniri.hr\/hr\/atos-triple-scan\/\" class=\"more-link\">Read More<\/a><\/p>\n","protected":false},"author":14,"featured_media":0,"parent":0,"menu_order":0,"comment_status":"closed","ping_status":"closed","template":"templates\/builder.php","meta":{"_links_to":"","_links_to_target":""},"categories":[],"tags":[],"_links":{"self":[{"href":"https:\/\/cnrm.uniri.hr\/hr\/wp-json\/wp\/v2\/pages\/3718"}],"collection":[{"href":"https:\/\/cnrm.uniri.hr\/hr\/wp-json\/wp\/v2\/pages"}],"about":[{"href":"https:\/\/cnrm.uniri.hr\/hr\/wp-json\/wp\/v2\/types\/page"}],"author":[{"embeddable":true,"href":"https:\/\/cnrm.uniri.hr\/hr\/wp-json\/wp\/v2\/users\/14"}],"replies":[{"embeddable":true,"href":"https:\/\/cnrm.uniri.hr\/hr\/wp-json\/wp\/v2\/comments?post=3718"}],"version-history":[{"count":31,"href":"https:\/\/cnrm.uniri.hr\/hr\/wp-json\/wp\/v2\/pages\/3718\/revisions"}],"predecessor-version":[{"id":6490,"href":"https:\/\/cnrm.uniri.hr\/hr\/wp-json\/wp\/v2\/pages\/3718\/revisions\/6490"}],"wp:attachment":[{"href":"https:\/\/cnrm.uniri.hr\/hr\/wp-json\/wp\/v2\/media?parent=3718"}],"wp:term":[{"taxonomy":"category","embeddable":true,"href":"https:\/\/cnrm.uniri.hr\/hr\/wp-json\/wp\/v2\/categories?post=3718"},{"taxonomy":"post_tag","embeddable":true,"href":"https:\/\/cnrm.uniri.hr\/hr\/wp-json\/wp\/v2\/tags?post=3718"}],"curies":[{"name":"wp","href":"https:\/\/api.w.org\/{rel}","templated":true}]}}