{"id":3719,"date":"2020-03-13T14:36:43","date_gmt":"2020-03-13T13:36:43","guid":{"rendered":"https:\/\/cnrm.uniri.hr\/?page_id=3719"},"modified":"2022-12-20T11:41:53","modified_gmt":"2022-12-20T10:41:53","slug":"aramis","status":"publish","type":"page","link":"https:\/\/cnrm.uniri.hr\/hr\/aramis\/","title":{"rendered":"ARAMIS"},"content":{"rendered":"<p><\/p>\n<style>\nul {list-style-position: inside;}\n<\/style>\n<div style=\"text-align: justify;\">\nOpti\u010dki mjerni sustav temelji se na principu objektnog raster postupka. Slu\u017ei za mjerenja trodimenzionalnih promjena oblika i raspodjela deformacija s povr\u0161ine stati\u010dki ili dinami\u010dki optere\u0107enih ili deformiranih objekata. Primjenjuje se u analizi \u010dvrsto\u0107e konstrukcija, odre\u0111ivanju svojstava materijala, verifikaciji i usavr\u0161avanju numeri\u010dkih prora\u010duna. Prikladan je za analizu objekata iz metalnih, kompozitnih, gumenih, drvenih i drugih materijala.<\/p>\n<p><strong>ARAMIS beskontaktno i s visokom to\u010dno\u0161\u0107u odre\u0111uje:<\/strong><\/p>\n<ul class=\"simple\">\n<li>Oblik snimanog objekta<\/li>\n<li>Polje trodimenzionalnih pomaka<\/li>\n<li>Polje tenzora deformacija i naprezanja<\/li>\n<li>Svojstva materijala<\/li>\n<\/ul>\n<p>Za razliku od tenzometara ili ekstenziometara koji daju samo pojedina\u010dne mjerne vrijednosti, <a class=\"reference external\" href=\"https:\/\/www.gom.com\/metrology-systems\/aramis.html\">ARAMIS<\/a> odre\u0111uje raspodjelu deformacija po cijelom analiziranom podru\u010dju, \u0161to omogu\u0107uje bolje razumijevanje pona\u0161anja materijala i konstrukcija.<\/p>\n<p><strong>Tipi\u010dne analize u kojima se ARAMIS primjenjuje su:<\/strong><\/p>\n<ul class=\"simple\">\n<li>Svojstava materijala na visokim ili niskim temperaturama<\/li>\n<li>Pona\u0161anja spojeva i kontakata dvaju tijela<\/li>\n<li>\u0160irenja pukotina<\/li>\n<li>Toplinskih deformacija<\/li>\n<li>Deformacija kod obrade ili zavarivanja materijala itd.<\/li>\n<\/ul>\n<\/div>\n<p>&nbsp;<br \/>\n<div id=\"metaslider-id-7679\" style=\"max-width: 600px; margin: 0 auto;\" class=\"ml-slider-3-60-1 metaslider metaslider-flex metaslider-7679 ml-slider ms-theme-cubic nav-hidden nav-hidden\" role=\"region\" aria-roledescription=\"Slideshow\" aria-label=\"aramis\">\n    <div id=\"metaslider_container_7679\">\n        <div id=\"metaslider_7679\">\n            <ul aria-live=\"polite\" class=\"slides\">\n                <li style=\"display: block; width: 100%;\" class=\"slide-7680 ms-image\" aria-roledescription=\"slide\" aria-label=\"slide-7680\"><img src=\"https:\/\/cnrm.uniri.hr\/upload\/2022\/12\/aramis_1-425x425.jpg\" height=\"600\" width=\"600\" alt=\"\" class=\"slider-7679 slide-7680\" title=\"aramis_1\" \/><\/li>\n                <li style=\"display: none; width: 100%;\" class=\"slide-7681 ms-image\" aria-roledescription=\"slide\" aria-label=\"slide-7681\"><img src=\"https:\/\/cnrm.uniri.hr\/upload\/2022\/12\/aramis_2-600x600.jpg\" height=\"600\" width=\"600\" alt=\"\" class=\"slider-7679 slide-7681\" title=\"aramis_2\" \/><\/li>\n                <li style=\"display: none; width: 100%;\" class=\"slide-7682 ms-image\" aria-roledescription=\"slide\" aria-label=\"slide-7682\"><img src=\"https:\/\/cnrm.uniri.hr\/upload\/2022\/12\/aramis_3-scaled-600x600.jpg\" height=\"600\" width=\"600\" alt=\"\" class=\"slider-7679 slide-7682\" title=\"aramis_3\" \/><\/li>\n            <\/ul>\n        <\/div>\n        \n    <\/div>\n<\/div><\/p>\n<div align=\"right\">\n<font size=1>Content provided by TOPOMATIKA d.o.o.<\/font>\n<\/div>\n<p><\/p>","protected":false},"excerpt":{"rendered":"<p>Opti\u010dki mjerni sustav temelji se na principu objektnog raster postupka. Slu\u017ei za mjerenja trodimenzionalnih promjena oblika i raspodjela deformacija s povr\u0161ine stati\u010dki ili dinami\u010dki optere\u0107enih ili deformiranih objekata. Primjenjuje se u analizi \u010dvrsto\u0107e konstrukcija, odre\u0111ivanju svojstava materijala, verifikaciji i usavr\u0161avanju&hellip;&nbsp;<a href=\"https:\/\/cnrm.uniri.hr\/hr\/aramis\/\" class=\"more-link\">Read More<\/a><\/p>\n","protected":false},"author":14,"featured_media":0,"parent":0,"menu_order":0,"comment_status":"closed","ping_status":"closed","template":"templates\/builder.php","meta":{"_links_to":"","_links_to_target":""},"categories":[],"tags":[],"_links":{"self":[{"href":"https:\/\/cnrm.uniri.hr\/hr\/wp-json\/wp\/v2\/pages\/3719"}],"collection":[{"href":"https:\/\/cnrm.uniri.hr\/hr\/wp-json\/wp\/v2\/pages"}],"about":[{"href":"https:\/\/cnrm.uniri.hr\/hr\/wp-json\/wp\/v2\/types\/page"}],"author":[{"embeddable":true,"href":"https:\/\/cnrm.uniri.hr\/hr\/wp-json\/wp\/v2\/users\/14"}],"replies":[{"embeddable":true,"href":"https:\/\/cnrm.uniri.hr\/hr\/wp-json\/wp\/v2\/comments?post=3719"}],"version-history":[{"count":46,"href":"https:\/\/cnrm.uniri.hr\/hr\/wp-json\/wp\/v2\/pages\/3719\/revisions"}],"predecessor-version":[{"id":7683,"href":"https:\/\/cnrm.uniri.hr\/hr\/wp-json\/wp\/v2\/pages\/3719\/revisions\/7683"}],"wp:attachment":[{"href":"https:\/\/cnrm.uniri.hr\/hr\/wp-json\/wp\/v2\/media?parent=3719"}],"wp:term":[{"taxonomy":"category","embeddable":true,"href":"https:\/\/cnrm.uniri.hr\/hr\/wp-json\/wp\/v2\/categories?post=3719"},{"taxonomy":"post_tag","embeddable":true,"href":"https:\/\/cnrm.uniri.hr\/hr\/wp-json\/wp\/v2\/tags?post=3719"}],"curies":[{"name":"wp","href":"https:\/\/api.w.org\/{rel}","templated":true}]}}