{"id":3720,"date":"2020-03-13T14:36:43","date_gmt":"2020-03-13T13:36:43","guid":{"rendered":"https:\/\/cnrm.uniri.hr\/?page_id=3720"},"modified":"2022-12-20T16:33:16","modified_gmt":"2022-12-20T15:33:16","slug":"pontos","status":"publish","type":"page","link":"https:\/\/cnrm.uniri.hr\/hr\/pontos\/","title":{"rendered":"PONTOS"},"content":{"rendered":"<p><\/p>\n<style>\nul {list-style-position: inside;}\n<\/style>\n<div style=\"text-align: justify;\">\nPONTOS je GOM-ov sustav za pra\u0107enje pozicioniranja komponenti, preciznog poravnanja na CNC strojevima ili za pode\u0161avanje u\u010dvr\u0161\u0107enja. U kombinaciji s GOM Touch Probe, PONTOS omogu\u0107ava inspekciju podru\u010dja koja su opti\u010dki te\u0161ka za pristup. Koriste\u0107i princip triangulacije, PONTOS analizira komponente razli\u010ditih veli\u010dina &#8211; od nekoliko milimetara do nekoliko metara &#8211; to\u010dka po to\u010dku i bez obzira na materijal.<\/p>\n<p><strong>Zna\u010dajke:<\/strong><\/p>\n<ul class=\"simple\">\n<li>Jednostavna priprema uzorka<\/li>\n<li>Mjerenje izrazito laganih objekata<\/li>\n<li>Brzina snimanja neovisna o broju markera<\/li>\n<li>Prilago\u0111eno pokretanje snimanja<\/li>\n<li>Snimanje analognih signala<\/li>\n<li>Neosjetljivost na okolne uvjete, poput vibracija i promjene osvjetljenja<\/li>\n<li>Jednostavno prilago\u0111avanje razli\u010ditim mjernim podru\u010djima i zadacima<\/li>\n<\/ul>\n<\/div>\n<div align=\"right\">\n<font size=1>Materijale ustupila TOPOMATIKA d.o.o.<\/font>\n<\/div>\n<p><\/p>","protected":false},"excerpt":{"rendered":"<p>PONTOS je GOM-ov sustav za pra\u0107enje pozicioniranja komponenti, preciznog poravnanja na CNC strojevima ili za pode\u0161avanje u\u010dvr\u0161\u0107enja. U kombinaciji s GOM Touch Probe, PONTOS omogu\u0107ava inspekciju podru\u010dja koja su opti\u010dki te\u0161ka za pristup. Koriste\u0107i princip triangulacije, PONTOS analizira komponente razli\u010ditih&hellip;&nbsp;<a href=\"https:\/\/cnrm.uniri.hr\/hr\/pontos\/\" class=\"more-link\">Read More<\/a><\/p>\n","protected":false},"author":14,"featured_media":0,"parent":0,"menu_order":0,"comment_status":"closed","ping_status":"closed","template":"templates\/builder.php","meta":{"_links_to":"","_links_to_target":""},"categories":[],"tags":[],"_links":{"self":[{"href":"https:\/\/cnrm.uniri.hr\/hr\/wp-json\/wp\/v2\/pages\/3720"}],"collection":[{"href":"https:\/\/cnrm.uniri.hr\/hr\/wp-json\/wp\/v2\/pages"}],"about":[{"href":"https:\/\/cnrm.uniri.hr\/hr\/wp-json\/wp\/v2\/types\/page"}],"author":[{"embeddable":true,"href":"https:\/\/cnrm.uniri.hr\/hr\/wp-json\/wp\/v2\/users\/14"}],"replies":[{"embeddable":true,"href":"https:\/\/cnrm.uniri.hr\/hr\/wp-json\/wp\/v2\/comments?post=3720"}],"version-history":[{"count":10,"href":"https:\/\/cnrm.uniri.hr\/hr\/wp-json\/wp\/v2\/pages\/3720\/revisions"}],"predecessor-version":[{"id":6499,"href":"https:\/\/cnrm.uniri.hr\/hr\/wp-json\/wp\/v2\/pages\/3720\/revisions\/6499"}],"wp:attachment":[{"href":"https:\/\/cnrm.uniri.hr\/hr\/wp-json\/wp\/v2\/media?parent=3720"}],"wp:term":[{"taxonomy":"category","embeddable":true,"href":"https:\/\/cnrm.uniri.hr\/hr\/wp-json\/wp\/v2\/categories?post=3720"},{"taxonomy":"post_tag","embeddable":true,"href":"https:\/\/cnrm.uniri.hr\/hr\/wp-json\/wp\/v2\/tags?post=3720"}],"curies":[{"name":"wp","href":"https:\/\/api.w.org\/{rel}","templated":true}]}}