{"id":3825,"date":"2020-03-13T17:10:56","date_gmt":"2020-03-13T16:10:56","guid":{"rendered":"https:\/\/cnrm.uniri.hr\/?page_id=3825"},"modified":"2022-12-20T09:53:08","modified_gmt":"2022-12-20T08:53:08","slug":"locations","status":"publish","type":"page","link":"https:\/\/cnrm.uniri.hr\/hr\/locations\/","title":{"rendered":"Lokacije"},"content":{"rendered":"<p><strong><font size=5>Centar za napredno ra\u010dunanje i modeliranje<\/font><\/strong><br \/>\n&nbsp;<br \/>\n<center><style type=\"text\/css\" id=\"umsMapStyles_1_20727\">\r\n    #ultimate_maps_1_20727 {\r\n        width: 75%;\r\n        height: 500px;\r\n                border: 0px solid ;\r\n        margin: 0px;\r\n    }\r\n    #mapsControlsNum_1_20727 {\r\n        width:100%    }\r\n    .umsMapDetailsContainer#umsMapDetailsContainer_1_20727 {\r\n        height:500px;\r\n    }\r\n    .ums_MapPreview#ultimate_maps_1_20727 {\r\n        \/*position:absolute;*\/\r\n        width:100%;\r\n    }\r\n    #mapConElem_1_20727{\r\n        width:75%    }\r\n    <\/style><div class=\"ums_map_opts\" id=\"mapConElem_1_20727\" data-id=\"1\" data-view-id=\"1_20727\" > <div class=\"umsMapDetailsContainer\" id=\"umsMapDetailsContainer_1_20727\"> <i class=\"umsKMLLayersPreloader fa fa-spinner fa-spin\" aria-hidden=\"true\" style=\"display: none;\"><\/i> <div class=\"ums_MapPreview \" id=\"ultimate_maps_1_20727\"><\/div> <\/div> <div class=\"umsMapMarkerFilters\" id=\"umsMapMarkerFilters_1_20727\"> <\/div> <div class=\"umsMapProControlsCon\" id=\"umsMapProControlsCon_1_20727\"> <a title=\"WP Google Maps\" style=\"display:none;\" href=\"https:\/\/supsystic.com\/plugins\/google-maps-plugin\/?utm_medium=love_link_hide\" target=\"_blank\">WP Google Maps<\/a><div style=\"clear: both;\"><\/div> <\/div> <div class=\"umsMapProDirectionsCon\" id=\"umsMapProDirectionsCon_1_20727\" > <\/div> <div class=\"umsMapProKmlFilterCon\" id=\"umsMapProKmlFilterCon_1_20727\" > <\/div> <div class=\"umsSocialSharingShell umsSocialSharingShell_1_20727\"> <\/div> <div style=\"clear: both;\"><\/div> <\/div><\/center><br \/>\n&nbsp;<br \/>\n<strong><font size=5>Suradni\u010dki laboratoriji i subjekti<\/font><\/strong><br \/>\n<font size=4><a class=\"reference external\" href=\"https:\/\/www.gradri.uniri.hr\/\">Gra\u0111evinski fakultet<\/a>, <a class=\"reference external\" href=\"https:\/\/gradri.uniri.hr\/laboratoriji\/laboratorij-za-hidrotehniku\/\">Laboratorij za hidrotehniku<\/a><\/font><br \/>\n<font size=4><a class=\"reference external\" href=\"http:\/\/www.riteh.uniri.hr\/\">Tehni\u010dki fakultet<\/a>, <a class=\"reference external\" href=\"http:\/\/www.riteh.uniri.hr\/ustroj\/zavodi\/zmfri\/\">Zavod za mehaniku fluida i ra\u010dunarsko in\u017eenjerstvo<\/a><\/font><br \/>\n<font size=4><a class=\"reference external\" href=\"https:\/\/www.biotech.uniri.hr\/\">Odjel za biotehnologiju<\/a>, <a class=\"reference external\" href=\"https:\/\/svedruziclab.github.io\/\">Laboratorij za strukturu i funkciju biomolekula<\/a><\/font><br \/>\n<font size=4><a class=\"reference external\" href=\"https:\/\/www.phy.uniri.hr\/\">Odjel za fiziku<\/a>, <a class=\"reference external\" href=\"https:\/\/www.phy.uniri.hr\/hr\/ustroj\/29-hr\/ustroj\/laboratoriji\/1314-laboratorij-za-astrocesticnu-fiziku.html\">Laboratorij za astro\u010desti\u010dnu fiziku<\/a><\/font><\/p>","protected":false},"excerpt":{"rendered":"<p>Centar za napredno ra\u010dunanje i modeliranje &nbsp; &nbsp; Suradni\u010dki laboratoriji i subjekti Gra\u0111evinski fakultet, Laboratorij za hidrotehniku Tehni\u010dki fakultet, Zavod za mehaniku fluida i ra\u010dunarsko in\u017eenjerstvo Odjel za biotehnologiju, Laboratorij za strukturu i funkciju biomolekula Odjel za fiziku, Laboratorij za&hellip;&nbsp;<a href=\"https:\/\/cnrm.uniri.hr\/hr\/locations\/\" class=\"more-link\">Read More<\/a><\/p>\n","protected":false},"author":14,"featured_media":0,"parent":0,"menu_order":0,"comment_status":"closed","ping_status":"closed","template":"templates\/builder.php","meta":{"_links_to":"","_links_to_target":""},"categories":[],"tags":[],"_links":{"self":[{"href":"https:\/\/cnrm.uniri.hr\/hr\/wp-json\/wp\/v2\/pages\/3825"}],"collection":[{"href":"https:\/\/cnrm.uniri.hr\/hr\/wp-json\/wp\/v2\/pages"}],"about":[{"href":"https:\/\/cnrm.uniri.hr\/hr\/wp-json\/wp\/v2\/types\/page"}],"author":[{"embeddable":true,"href":"https:\/\/cnrm.uniri.hr\/hr\/wp-json\/wp\/v2\/users\/14"}],"replies":[{"embeddable":true,"href":"https:\/\/cnrm.uniri.hr\/hr\/wp-json\/wp\/v2\/comments?post=3825"}],"version-history":[{"count":96,"href":"https:\/\/cnrm.uniri.hr\/hr\/wp-json\/wp\/v2\/pages\/3825\/revisions"}],"predecessor-version":[{"id":7614,"href":"https:\/\/cnrm.uniri.hr\/hr\/wp-json\/wp\/v2\/pages\/3825\/revisions\/7614"}],"wp:attachment":[{"href":"https:\/\/cnrm.uniri.hr\/hr\/wp-json\/wp\/v2\/media?parent=3825"}],"wp:term":[{"taxonomy":"category","embeddable":true,"href":"https:\/\/cnrm.uniri.hr\/hr\/wp-json\/wp\/v2\/categories?post=3825"},{"taxonomy":"post_tag","embeddable":true,"href":"https:\/\/cnrm.uniri.hr\/hr\/wp-json\/wp\/v2\/tags?post=3825"}],"curies":[{"name":"wp","href":"https:\/\/api.w.org\/{rel}","templated":true}]}}