{"id":3827,"date":"2020-03-13T17:10:56","date_gmt":"2020-03-13T16:10:56","guid":{"rendered":"https:\/\/cnrm.uniri.hr\/?page_id=3827"},"modified":"2025-07-08T19:36:27","modified_gmt":"2025-07-08T17:36:27","slug":"members","status":"publish","type":"page","link":"https:\/\/cnrm.uniri.hr\/hr\/members\/","title":{"rendered":"\u010clanovi i suradnici"},"content":{"rendered":"<p><\/p>\n<div>\n<strong><font size=5>Centar za napredno ra\u010dunanje i modeliranje<\/font><\/strong><\/p>\n<div class=\"column\" style=\"float:left; width:33.33%;\">\n<img decoding=\"async\" src=\"https:\/\/cnrm.uniri.hr\/upload\/2020\/03\/male.png\" style=\"width:100px;height:75px;\" align=\"left\" hspace=\"20\" vspace=\"20\/\" \/><br \/>\n<font size=3>prof. dr. sc. Lado Kranj\u010devi\u0107<br \/>\n<a href=\"mailto:lado.kranjcevic@riteh.uniri.hr\">lado.kranjcevic@riteh.uniri.hr<\/a><\/font><\/div>\n<div class=\"column\" style=\"float:left; width:33.33%;\">\n<img decoding=\"async\" src=\"https:\/\/cnrm.uniri.hr\/upload\/2020\/03\/male.png\" style=\"width:100px;height:75px;\" align=\"left\" hspace=\"20\" vspace=\"20\/\" \/><br \/>\n<font size=3>Gordan Jane\u0161<br \/>\n<a href=\"mailto:gordan.janes@uniri.hr\">gordan.janes@uniri.hr<\/a><\/font><\/div>\n<div class=\"column\" style=\"float:left; width:33.33%;\">\n<img decoding=\"async\" src=\"https:\/\/cnrm.uniri.hr\/upload\/2020\/03\/male.png\" style=\"width:100px;height:75px;\" align=\"left\" hspace=\"20\" vspace=\"20\/\" \/><br \/>\n<font size=3>dr. sc. Ante Sikirica<br \/>\n<a href=\"mailto:ante.sikirica@uniri.hr\">ante.sikirica@uniri.hr<\/a><\/font><\/div>\n<\/div>\n<p><br style=\"clear:both;\"\/><\/p>\n<div>\n<strong><font size=5>Gra\u0111evinski fakultet<\/font><\/strong><\/p>\n<div class=\"column\" style=\"float:left; width:33.33%;\">\n<img decoding=\"async\" src=\"https:\/\/cnrm.uniri.hr\/upload\/2020\/03\/male.png\" style=\"width:100px;height:75px;\" align=\"left\" hspace=\"20\" vspace=\"20\/\" \/><br \/>\n<font size=3>prof. dr.sc. Vanja Trava\u0161<br \/>\n<a href=\"mailto:vanja.travas@uniri.hr\">vanja.travas@uniri.hr<\/a><\/font><\/div>\n<\/div>\n<p><br style=\"clear:both;\"\/><\/p>\n<div>\n<strong><font size=5>Tehni\u010dki fakultet<\/font><\/strong><\/p>\n<div class=\"column\" style=\"float:left; width:33.33%;\">\n<img decoding=\"async\" src=\"https:\/\/cnrm.uniri.hr\/upload\/2020\/03\/male.png\" style=\"width:100px;height:75px;\" align=\"left\" hspace=\"20\" vspace=\"20\/\" \/><br \/>\n<font size=3>prof. dr. sc. Robert Basan<br \/>\n<a href=\"mailto:robert.basan@riteh.uniri.hr\">robert.basan@riteh.uniri.hr<\/a><\/font><\/div>\n<div class=\"column\" style=\"float:left; width:33.33%;\">\n<img decoding=\"async\" src=\"https:\/\/cnrm.uniri.hr\/upload\/2020\/03\/male.png\" style=\"width:100px;height:75px;\" align=\"left\" hspace=\"20\" vspace=\"20\/\" \/><br \/>\n<font size=3>prof. dr. sc. Zoran \u010carija<br \/>\n<a href=\"mailto:zoran.carija@riteh.uniri.hr\">zoran.carija@riteh.uniri.hr<\/a><\/font><\/div>\n<div class=\"column\" style=\"float:left; width:33.33%;\">\n<img decoding=\"async\" src=\"https:\/\/cnrm.uniri.hr\/upload\/2020\/03\/male.png\" style=\"width:100px;height:75px;\" align=\"left\" hspace=\"20\" vspace=\"20\/\" \/><br \/>\n<font size=3>prof. dr. sc. Sini\u0161a Dru\u017eeta<br \/>\n<a href=\"mailto:sinisa.druzeta@riteh.uniri.hr\">sinisa.druzeta@riteh.uniri.hr<\/a><\/font><\/div>\n<div class=\"column\" style=\"float:left; width:33.33%;\">\n<img decoding=\"async\" src=\"https:\/\/cnrm.uniri.hr\/upload\/2020\/03\/male.png\" style=\"width:100px;height:75px;\" align=\"left\" hspace=\"20\" vspace=\"20\/\" \/><br \/>\n<font size=3>doc. dr. sc. David I\u0161tokovi\u0107<br \/>\n<a href=\"mailto:distokovic@riteh.uniri.hr\">distokovic@riteh.uniri.hr<\/a><\/font><\/div>\n<div class=\"column\" style=\"float:left; width:33.33%;\">\n<img decoding=\"async\" src=\"https:\/\/cnrm.uniri.hr\/upload\/2020\/03\/male.png\" style=\"width:100px;height:75px;\" align=\"left\" hspace=\"20\" vspace=\"20\/\" \/><br \/>\n<font size=3>izv. prof. dr. sc. Stefan Ivi\u0107<br \/>\n<a href=\"mailto:stefan.ivic@riteh.uniri.hr\">stefan.ivic@riteh.uniri.hr<\/a><\/font><\/div>\n<div class=\"column\" style=\"float:left; width:33.33%;\">\n<img decoding=\"async\" src=\"https:\/\/cnrm.uniri.hr\/upload\/2020\/03\/male.png\" style=\"width:100px;height:75px;\" align=\"left\" hspace=\"20\" vspace=\"20\/\" \/><br \/>\n<font size=3>prof. dr. sc. Zoran Jurkovi\u0107<br \/>\n<a href=\"mailto:zoran.jurkovic@riteh.uniri.hr\">zoran.jurkovic@riteh.uniri.hr<\/a><\/font><\/div>\n<div class=\"column\" style=\"float:left; width:33.33%;\">\n<img decoding=\"async\" src=\"https:\/\/cnrm.uniri.hr\/upload\/2020\/03\/male.png\" style=\"width:100px;height:75px;\" align=\"left\" hspace=\"20\" vspace=\"20\/\" \/><br \/>\n<font size=3>prof. dr. sc. Domagoj Lanc<br \/>\n<a href=\"mailto:domagoj.lanc@riteh.uniri.hr\">domagoj.lanc@riteh.uniri.hr<\/a><\/font><\/div>\n<div class=\"column\" style=\"float:left; width:33.33%;\">\n<img decoding=\"async\" src=\"https:\/\/cnrm.uniri.hr\/upload\/2020\/03\/female.png\" style=\"width:100px;height:75px;\" align=\"left\" hspace=\"20\" vspace=\"20\/\" \/><br \/>\n<font size=3>v. asist. dr. sc. Ivana Lu\u010din<br \/>\n<a href=\"mailto:ihreljac@riteh.uniri.hr\">ihreljac@riteh.uniri.hr<\/a><\/font><\/div>\n<div class=\"column\" style=\"float:left; width:33.33%;\">\n<img decoding=\"async\" src=\"https:\/\/cnrm.uniri.hr\/upload\/2020\/03\/female.png\" style=\"width:100px;height:75px;\" align=\"left\" hspace=\"20\" vspace=\"20\/\" \/><br \/>\n<font size=3>izv. prof. dr. sc. Tea Marohni\u0107<br \/>\n<a href=\"mailto:tea.marohnic@riteh.uniri.hr\">tea.marohnic@riteh.uniri.hr<\/a><\/font><\/div>\n<div class=\"column\" style=\"float:left; width:33.33%;\">\n<img decoding=\"async\" src=\"https:\/\/cnrm.uniri.hr\/upload\/2020\/03\/male.png\" style=\"width:100px;height:75px;\" align=\"left\" hspace=\"20\" vspace=\"20\/\" \/><br \/>\n<font size=3>izv. prof. dr. sc. Goran Mau\u0161a<br \/>\n<a href=\"mailto:goran.mausa@riteh.uniri.hr\">goran.mausa@riteh.uniri.hr<\/a><\/font><\/div>\n<div class=\"column\" style=\"float:left; width:33.33%;\">\n<img decoding=\"async\" src=\"https:\/\/cnrm.uniri.hr\/upload\/2020\/03\/male.png\" style=\"width:100px;height:75px;\" align=\"left\" hspace=\"20\" vspace=\"20\/\" \/><br \/>\n<font size=3>prof. dr. sc. Mladen Perini\u0107<br \/>\n<a href=\"mailto:mladen.perinic@riteh.uniri.hr\">mladen.perinic@riteh.uniri.hr<\/a><\/font><\/div>\n<div class=\"column\" style=\"float:left; width:33.33%;\">\n<img decoding=\"async\" src=\"https:\/\/cnrm.uniri.hr\/upload\/2020\/03\/male.png\" style=\"width:100px;height:75px;\" align=\"left\" hspace=\"20\" vspace=\"20\/\" \/><br \/>\n<font size=3>prof. dr. sc. Goran Turkalj<br \/>\n<a href=\"mailto:goran.turkalj@riteh.uniri.hr\">goran.turkalj@riteh.uniri.hr<\/a><\/font><\/div>\n<div class=\"column\" style=\"float:left; width:33.33%;\">\n<img decoding=\"async\" src=\"https:\/\/cnrm.uniri.hr\/upload\/2020\/03\/female.png\" style=\"width:100px;height:75px;\" align=\"left\" hspace=\"20\" vspace=\"20\/\" \/><br \/>\n<font size=3>v. asist. dr. sc. Maja Vlatkovi\u0107<br \/>\n<a href=\"mailto:mmarkovic2@riteh.uniri.hr\">mmarkovic2@riteh.uniri.hr<\/a><\/font><\/div>\n<\/div>\n<p><br style=\"clear:both;\"\/><\/p>\n<div>\n<strong><font size=5>Filozofski fakultet<\/font><\/strong><\/p>\n<div class=\"column\" style=\"float:left; width:33.33%;\">\n<img decoding=\"async\" src=\"https:\/\/cnrm.uniri.hr\/upload\/2020\/03\/male.png\" style=\"width:100px;height:75px;\" align=\"left\" hspace=\"20\" vspace=\"20\/\" \/><br \/>\n<font size=3>doc. dr. sc. Benedikt Perak<br \/>\n<a href=\"mailto:bperak@uniri.hr\">bperak@uniri.hr<\/a><\/font><\/div>\n<\/div>\n<p><br style=\"clear:both;\"\/><\/p>\n<div>\n<strong><font size=5>Medicinski fakultet<\/font><\/strong><\/p>\n<div class=\"column\" style=\"float:left; width:33.33%;\">\n<img decoding=\"async\" src=\"https:\/\/cnrm.uniri.hr\/upload\/2020\/03\/female.png\" style=\"width:100px;height:75px;\" align=\"left\" hspace=\"20\" vspace=\"20\/\" \/><br \/>\n<font size=3>izv. prof. dr. sc. Darija Vuki\u0107 Lu\u0161i\u0107<br \/>\n<a href=\"mailto:darija.vukic.lusic@medri.uniri.hr\">darija.vukic.lusic@medri.uniri.hr<\/a><\/font><\/div>\n<div class=\"column\" style=\"float:left; width:33.33%;\">\n<img decoding=\"async\" src=\"https:\/\/cnrm.uniri.hr\/upload\/2020\/03\/male.png\" style=\"width:100px;height:75px;\" align=\"left\" hspace=\"20\" vspace=\"20\/\" \/><br \/>\n<font size=3>izv. prof. dr. sc. Dra\u017een Lu\u0161i\u0107<br \/>\n<a href=\"mailto:drazen.lusic@medri.uniri.hr\">drazen.lusic@medri.uniri.hr<\/a><\/font><\/div>\n<\/div>\n<p><br style=\"clear:both;\"\/><\/p>\n<div>\n<strong><font size=5>Odjel za biotehnologiju<\/font><\/strong><\/p>\n<div class=\"column\" style=\"float:left; width:33.33%;\">\n<img decoding=\"async\" src=\"https:\/\/cnrm.uniri.hr\/upload\/2020\/03\/female.png\" style=\"width:100px;height:75px;\" align=\"left\" hspace=\"20\" vspace=\"20\/\" \/><br \/>\n<font size=3>doc. dr. sc. Daniela Kalafatovi\u0107<br \/>\n<a href=\"mailto:daniela.kalafatovic@uniri.hr\">daniela.kalafatovic@uniri.hr<\/a><\/font><\/div>\n<div class=\"column\" style=\"float:left; width:33.33%;\">\n<img decoding=\"async\" src=\"https:\/\/cnrm.uniri.hr\/upload\/2020\/03\/male.png\" style=\"width:100px;height:75px;\" align=\"left\" hspace=\"20\" vspace=\"20\/\" \/><br \/>\n<font size=3>doc. dr. sc. \u017deljko Svedru\u017ei\u0107<br \/>\n<a href=\"mailto:zeljko.svedruzic@uniri.hr\">zeljko.svedruzic@uniri.hr<\/a><\/font><\/div>\n<\/div>\n<p><br style=\"clear:both;\"\/><\/p>\n<div>\n<strong><font size=5>Odjel za informatiku<\/font><\/strong><\/p>\n<div class=\"column\" style=\"float:left; width:33.33%;\">\n<img decoding=\"async\" src=\"https:\/\/cnrm.uniri.hr\/upload\/2020\/03\/male.png\" style=\"width:100px;height:75px;\" align=\"left\" hspace=\"20\" vspace=\"20\/\" \/><br \/>\n<font size=3>doc. dr. sc. Vedran Mileti\u0107<br \/>\n<a href=\"mailto:vmiletic@inf.uniri.hr\">vmiletic@inf.uniri.hr<\/a><\/font><\/div>\n<\/div>\n<p><br style=\"clear:both;\"\/><\/p>\n<div>\n<strong><font size=5>Odjel za fiziku<\/font><\/strong><\/p>\n<div class=\"column\" style=\"float:left; width:33.33%;\">\n<img decoding=\"async\" src=\"https:\/\/cnrm.uniri.hr\/upload\/2020\/03\/female.png\" style=\"width:100px;height:75px;\" align=\"left\" hspace=\"20\" vspace=\"20\/\" \/><br \/>\n<font size=3>prof. dr. sc. Dijana Dominis Prester<br \/>\n<a href=\"mailto:dijana@phy.uniri.hr\">dijana@phy.uniri.hr<\/a><\/font><\/div>\n<div class=\"column\" style=\"float:left; width:33.33%;\">\n<img decoding=\"async\" src=\"https:\/\/cnrm.uniri.hr\/upload\/2020\/03\/male.png\" style=\"width:100px;height:75px;\" align=\"left\" hspace=\"20\" vspace=\"20\/\" \/><br \/>\n<font size=3>doc. dr. sc. Sa\u0161a Mi\u0107anovi\u0107<br \/>\n<a href=\"mailto:sasa.micanovic@phy.uniri.hr\">sasa.micanovic@phy.uniri.hr<\/a><\/font><\/div>\n<div class=\"column\" style=\"float:left; width:33.33%;\">\n<img decoding=\"async\" src=\"https:\/\/cnrm.uniri.hr\/upload\/2020\/03\/male.png\" style=\"width:100px;height:75px;\" align=\"left\" hspace=\"20\" vspace=\"20\/\" \/><br \/>\n<font size=3>izv. prof. dr. sc. Tomislav Terzi\u0107<br \/>\n<a href=\"mailto:tterzic@phy.uniri.hr\">tterzic@phy.uniri.hr<\/a><\/font><\/div>\n<\/div>\n<p><br style=\"clear:both;\"\/><\/p>\n<div>\n<strong><font size=5>Nacionalni laboratorij Lawrence Berkeley<\/font><\/strong><\/p>\n<div class=\"column\" style=\"float:left; width:33.33%;\">\n<img decoding=\"async\" src=\"https:\/\/cnrm.uniri.hr\/upload\/2020\/03\/male.png\" style=\"width:100px;height:75px;\" align=\"left\" hspace=\"20\" vspace=\"20\/\" \/><br \/>\n<font size=3>dr. sc. Luka Grb\u010di\u0107<br \/>\n<a href=\"mailto:lgrbcic@lbl.gov\">lgrbcic@lbl.gov<\/a><\/font><\/div>\n<\/div>\n<p><\/p>","protected":false},"excerpt":{"rendered":"<p>Centar za napredno ra\u010dunanje i modeliranje prof. dr. sc. Lado Kranj\u010devi\u0107 lado.kranjcevic@riteh.uniri.hr Gordan Jane\u0161 gordan.janes@uniri.hr dr. sc. Ante Sikirica ante.sikirica@uniri.hr Gra\u0111evinski fakultet prof. dr.sc. Vanja Trava\u0161 vanja.travas@uniri.hr Tehni\u010dki fakultet prof. dr. sc. Robert Basan robert.basan@riteh.uniri.hr prof. dr. sc. Zoran \u010carija&hellip;&nbsp;<a href=\"https:\/\/cnrm.uniri.hr\/hr\/members\/\" class=\"more-link\">Read More<\/a><\/p>\n","protected":false},"author":14,"featured_media":0,"parent":0,"menu_order":0,"comment_status":"closed","ping_status":"closed","template":"templates\/builder.php","meta":{"_links_to":"","_links_to_target":""},"categories":[],"tags":[],"_links":{"self":[{"href":"https:\/\/cnrm.uniri.hr\/hr\/wp-json\/wp\/v2\/pages\/3827"}],"collection":[{"href":"https:\/\/cnrm.uniri.hr\/hr\/wp-json\/wp\/v2\/pages"}],"about":[{"href":"https:\/\/cnrm.uniri.hr\/hr\/wp-json\/wp\/v2\/types\/page"}],"author":[{"embeddable":true,"href":"https:\/\/cnrm.uniri.hr\/hr\/wp-json\/wp\/v2\/users\/14"}],"replies":[{"embeddable":true,"href":"https:\/\/cnrm.uniri.hr\/hr\/wp-json\/wp\/v2\/comments?post=3827"}],"version-history":[{"count":190,"href":"https:\/\/cnrm.uniri.hr\/hr\/wp-json\/wp\/v2\/pages\/3827\/revisions"}],"predecessor-version":[{"id":9339,"href":"https:\/\/cnrm.uniri.hr\/hr\/wp-json\/wp\/v2\/pages\/3827\/revisions\/9339"}],"wp:attachment":[{"href":"https:\/\/cnrm.uniri.hr\/hr\/wp-json\/wp\/v2\/media?parent=3827"}],"wp:term":[{"taxonomy":"category","embeddable":true,"href":"https:\/\/cnrm.uniri.hr\/hr\/wp-json\/wp\/v2\/categories?post=3827"},{"taxonomy":"post_tag","embeddable":true,"href":"https:\/\/cnrm.uniri.hr\/hr\/wp-json\/wp\/v2\/tags?post=3827"}],"curies":[{"name":"wp","href":"https:\/\/api.w.org\/{rel}","templated":true}]}}