{"id":4268,"date":"2020-03-14T19:12:42","date_gmt":"2020-03-14T18:12:42","guid":{"rendered":"https:\/\/cnrm.uniri.hr\/?page_id=4268"},"modified":"2022-12-20T16:29:58","modified_gmt":"2022-12-20T15:29:58","slug":"data-center","status":"publish","type":"page","link":"https:\/\/cnrm.uniri.hr\/hr\/data-center\/","title":{"rendered":"Podatkovni centar"},"content":{"rendered":"<p><\/p>\n<div style=\"text-align: justify;\">\nPodatkovni centar u kojem je smje\u0161teno superra\u010dunalo Bura povr\u0161ine je 100 m<sup>2<\/sup>. Instalacija <strong>napajanja je snage 250 kW<\/strong>. Ugra\u0111eni su ure\u0111aji za neprekidno napajanje (UPS) snage 2 x 200 kVA koji osiguravaju autonomiju rada superra\u010dunala od 20 minuta.<\/p>\n<p>\u010cvorovi se direktno hlade toplom vodom, a me\u0111usobno su povezani s neblokiraju\u0107im interkonekcijama velike brzine i propusnosti te niske latencije (<strong>InfiniBand FDR<\/strong>). Sredi\u0161nji sustav za pohranu podataka ima <strong>kapacitet 1 PB<\/strong>, a sustav za arhivu podataka se sastoji od <strong>tra\u010dne knji\u017enice kapaciteta 2,5 PB<\/strong>. Za vizualizaciju rezultata kompleksnih ra\u010dunalnih aplikacija koristi se sustav za HPC vizualizaciju visoke razlu\u010divosti. <\/div>\n<p>&nbsp;<br \/>\n<div id=\"metaslider-id-7697\" style=\"max-width: 600px; margin: 0 auto;\" class=\"ml-slider-3-60-1 metaslider metaslider-flex metaslider-7697 ml-slider ms-theme-cubic nav-hidden nav-hidden\" role=\"region\" aria-roledescription=\"Slideshow\" aria-label=\"data center\">\n    <div id=\"metaslider_container_7697\">\n        <div id=\"metaslider_7697\">\n            <ul aria-live=\"polite\" class=\"slides\">\n                <li style=\"display: block; width: 100%;\" class=\"slide-7698 ms-image\" aria-roledescription=\"slide\" aria-label=\"slide-7698\"><img src=\"https:\/\/cnrm.uniri.hr\/upload\/2022\/12\/pd_1-scaled-600x600.jpg\" height=\"600\" width=\"600\" alt=\"\" class=\"slider-7697 slide-7698\" title=\"pd_1\" \/><\/li>\n                <li style=\"display: none; width: 100%;\" class=\"slide-7699 ms-image\" aria-roledescription=\"slide\" aria-label=\"slide-7699\"><img src=\"https:\/\/cnrm.uniri.hr\/upload\/2022\/12\/pd_2-scaled-600x600.jpg\" height=\"600\" width=\"600\" alt=\"\" class=\"slider-7697 slide-7699\" title=\"pd_2\" \/><\/li>\n                <li style=\"display: none; width: 100%;\" class=\"slide-7700 ms-image\" aria-roledescription=\"slide\" aria-label=\"slide-7700\"><img src=\"https:\/\/cnrm.uniri.hr\/upload\/2022\/12\/pd_3-600x600.jpg\" height=\"600\" width=\"600\" alt=\"\" class=\"slider-7697 slide-7700\" title=\"pd_3\" \/><\/li>\n            <\/ul>\n        <\/div>\n        \n    <\/div>\n<\/div><\/p>","protected":false},"excerpt":{"rendered":"<p>Podatkovni centar u kojem je smje\u0161teno superra\u010dunalo Bura povr\u0161ine je 100 m2. Instalacija napajanja je snage 250 kW. Ugra\u0111eni su ure\u0111aji za neprekidno napajanje (UPS) snage 2 x 200 kVA koji osiguravaju autonomiju rada superra\u010dunala od 20 minuta. \u010cvorovi se&hellip;&nbsp;<a href=\"https:\/\/cnrm.uniri.hr\/hr\/data-center\/\" class=\"more-link\">Read More<\/a><\/p>\n","protected":false},"author":14,"featured_media":0,"parent":0,"menu_order":0,"comment_status":"closed","ping_status":"closed","template":"templates\/builder.php","meta":{"_links_to":"","_links_to_target":""},"categories":[],"tags":[],"_links":{"self":[{"href":"https:\/\/cnrm.uniri.hr\/hr\/wp-json\/wp\/v2\/pages\/4268"}],"collection":[{"href":"https:\/\/cnrm.uniri.hr\/hr\/wp-json\/wp\/v2\/pages"}],"about":[{"href":"https:\/\/cnrm.uniri.hr\/hr\/wp-json\/wp\/v2\/types\/page"}],"author":[{"embeddable":true,"href":"https:\/\/cnrm.uniri.hr\/hr\/wp-json\/wp\/v2\/users\/14"}],"replies":[{"embeddable":true,"href":"https:\/\/cnrm.uniri.hr\/hr\/wp-json\/wp\/v2\/comments?post=4268"}],"version-history":[{"count":13,"href":"https:\/\/cnrm.uniri.hr\/hr\/wp-json\/wp\/v2\/pages\/4268\/revisions"}],"predecessor-version":[{"id":7706,"href":"https:\/\/cnrm.uniri.hr\/hr\/wp-json\/wp\/v2\/pages\/4268\/revisions\/7706"}],"wp:attachment":[{"href":"https:\/\/cnrm.uniri.hr\/hr\/wp-json\/wp\/v2\/media?parent=4268"}],"wp:term":[{"taxonomy":"category","embeddable":true,"href":"https:\/\/cnrm.uniri.hr\/hr\/wp-json\/wp\/v2\/categories?post=4268"},{"taxonomy":"post_tag","embeddable":true,"href":"https:\/\/cnrm.uniri.hr\/hr\/wp-json\/wp\/v2\/tags?post=4268"}],"curies":[{"name":"wp","href":"https:\/\/api.w.org\/{rel}","templated":true}]}}