{"id":4528,"date":"2020-03-15T13:56:05","date_gmt":"2020-03-15T12:56:05","guid":{"rendered":"https:\/\/cnrm.uniri.hr\/?page_id=4528"},"modified":"2024-01-22T10:23:30","modified_gmt":"2024-01-22T09:23:30","slug":"in-media","status":"publish","type":"page","link":"https:\/\/cnrm.uniri.hr\/hr\/in-media\/","title":{"rendered":"U medijima"},"content":{"rendered":"<p><strong>2024.<\/strong><\/p>\n<ul class=\"simple\" style=\"list-style-position: outside; text-align: justify;\">\n<li><a href=\"https:\/\/socri.uniri.hr\/rijeka-tehnologije-2024\/\">Rijeka Tehnologije 2024<\/a><\/li>\n<\/ul>\n<p>&nbsp;<br \/>\n<strong>2023.<\/strong><\/p>\n<ul class=\"simple\" style=\"list-style-position: outside; text-align: justify;\">\n<li><a href=\"https:\/\/www.novilist.hr\/rijeka-regija\/rijeka\/hrvatski-znanstvenici-u-senzacionalnom-otkricu-veliku-ulogu-su-imali-rijecani-i-superracunalo-bura\/\">Hrvatski znanstvenici u senzacionalnom otkri\u0107u. Veliku ulogu su imali Rije\u010dani i \u2013 superra\u010dunalo Bura<br \/>\n<\/a><\/li>\n<li><a href=\"https:\/\/lidermedia.hr\/tehno\/superracunala-u-pogonu-nakon-bure-stigao-supek-150346\">Superra\u010dunala u pogonu: nakon Bure stigao Supek<\/a><\/li>\n<\/ul>\n<p>&nbsp;<br \/>\n<strong>2022.<\/strong><\/p>\n<ul class=\"simple\" style=\"list-style-position: outside; text-align: justify;\">\n<li><a href=\"https:\/\/www.novilist.hr\/rijeka-regija\/otoci\/u-cresu-se-razgovaralo-o-cuvanju-morskog-okolisa\/?meta_refresh=true\">U Cresu se razgovaralo o kori\u0161tenju umjetne inteligencije u \u010duvanju morskog okoli\u0161a<\/a><\/li>\n<li><a href=\"https:\/\/startitdigital.com\/novosti\/nove-tehnologije\/najava-konferencije-language-data-science-and-tech-days-2022\/\">Najava konferencije: &#8220;Language, Data, Science and TECH Days 2022&#8221;<\/a><\/li>\n<li><a href=\"https:\/\/www.srce.unizg.hr\/pressroom\/2021\/godina-dana-rada-na-uspostavi-hrvatskog-centra-kompetencija-za-racunarstvo-visokih-performansi\">Godina dana rada na uspostavi hrvatskog centra kompetencija za ra\u010dunarstvo visokih performansi<\/a><\/li>\n<li><a href=\"https:\/\/svjetionik.scri.hr\/izdvojeno\/superracunalo-na-kampusu-bura-i-dalje-najveca-i-to-s-visokom-zauzetoscu-sustava-od-cak-87-posto\/\">Superra\u010dunalo na Kampusu: BURA i dalje najve\u0107a i to s visokom zauzeto\u0161\u0107u sustava od \u010dak 87 posto!<\/a><\/li>\n<\/ul>\n<p>&nbsp;<br \/>\n<strong>2021.<\/strong><\/p>\n<ul class=\"simple\" style=\"list-style-position: outside; text-align: justify;\">\n<li><a href=\"https:\/\/cnrm.uniri.hr\/upload\/2021\/11\/VIDI-BURA.pdf\">Najja\u010de hrvatsko uperra\u010dunalo<\/a><\/li>\n<\/ul>\n<p>&nbsp;<br \/>\n<strong>2020.<\/strong><\/p>\n<ul class=\"simple\" style=\"list-style-position: outside; text-align: justify;\">\n<li><a href=\"http:\/\/www.novilist.hr\/Znanost-i-tehnologija\/Tehnologija\/Superracunalo-BURA-Epicentar-znanstvenika-u-borbi-protiv-klimatskih-promjena-i-virusa?meta_refresh=true\"> Superra\u010dunalo BURA: Epicentar znanstvenika u borbi protiv klimatskih promjena i virusa<\/a><\/li>\n<\/ul>\n<p>&nbsp;<br \/>\n<strong>2019.<\/strong><\/p>\n<ul class=\"simple\" style=\"list-style-position: outside; text-align: justify;\">\n<li><a href=\"https:\/\/lavoce.hr\/attualita\/supercomputer-bura-via-col-vento\"> Supercomputer Bura, via col vento <\/a><\/li>\n<li><a href=\"https:\/\/www.poslovni.hr\/sci-tech\/poptuni-preokret-rijecka-bura-postala-vodece-superracunalo-u-ovom-dijelu-europe-350477\"> Potpuni preokret: Rije\u010dka &#8216;Bura&#8217; postala vode\u0107e superra\u010dunalo u ovom dijelu Europe <\/a><\/li>\n<\/ul>\n<p>&nbsp;<br \/>\n<strong>2018.<\/strong><\/p>\n<ul class=\"simple\" style=\"list-style-position: outside; text-align: justify;\">\n<li><a href=\"https:\/\/ec.europa.eu\/croatia\/news\/more_investment_in_supercomputers_for_better_competitiveness_and_faster_development_hr\"> Ve\u0107a ulaganja u superra\u010dunala za bolju konkurentnost i br\u017ei razvoj <\/a><\/li>\n<li><a href=\"https:\/\/www.jutarnji.hr\/life\/znanost\/na-kanarima-mjerenja-teleskopom-lst-1-u-projektu-u-kojem-sudjeluje-i-hrvatska\/8210627\/\"> Na Kanarima mjerenja teleskopom LST-1 u projektu u kojem sudjeluje i Hrvatska <\/a><\/li>\n<li><a href=\"https:\/\/mreza.bug.hr\/moze-li-hrvatska-dostici-ciljeve-eu-digitalne-agende\/\"> Mo\u017ee li Hrvatska dosti\u0107i ciljeve EU digitalne agende? <\/a><\/li>\n<li><a href=\"https:\/\/mreza.bug.hr\/hrvatska-ce-kroz-hr-zoo-dobiti-prvo-petaflop-superracunalo\/\"> Hrvatska \u0107e kroz HR-ZOO dobiti prvo petaflop superra\u010dunalo <\/a><\/li>\n<li><a href=\"http:\/\/www.novilist.hr\/Zivot-i-stil\/Auto-moto\/SURADNJA-SVEUCILISTA-I-RIMAC-AUTOMOBILA-Rijecka-Bura-vjetar-u-leda-Conceptu-Two\"> Rije\u010dka &#8220;Bura&#8221; vjetar u le\u0111a Conceptu Two <\/a><\/li>\n<li><a href=\"https:\/\/www.thedubrovniktimes.com\/news\/croatia\/item\/3753-rimac-to-complete-a-new-car-with-the-help-of-bura\"> Rimac to complete a new car with the help of Bura <\/a><\/li>\n<li><a href=\"https:\/\/www.total-croatia-news.com\/made-in-croatia\/24334-rimac-completing-new-vehicle-with-the-aid-of-bura-supercomputer-in-rijeka\"> Rimac Completing New Vehicle With the Aid of Bura Supercomputer in Rijeka <\/a><\/li>\n<\/ul>\n<p>&nbsp;<br \/>\n<strong>2017.<\/strong><\/p>\n<ul class=\"simple\" style=\"list-style-position: outside; text-align: justify;\">\n<li><a href=\"http:\/\/www.novilist.hr\/Znanost-i-tehnologija\/Znanost\/Spajanje-znanosti-i-gospodarstva-Za-razvoj-novog-automobila-tvrtka-Rimac-koristi-rijecku-Buru\"> Spajanje znanosti i gospodarstva: Za razvoj novog automobila tvrtka Rimac koristi rije\u010dku Buru <\/a><\/li>\n<li><a href=\"https:\/\/www.vidi.hr\/Racunala\/Novosti\/Svih-Top-500-svjetskih-superacunala-radi-na-Linuxu\"> Svih Top 500 svjetskih supera\u010dunala radi na Linuxu <\/a><\/li>\n<li><a href=\"http:\/\/hr.n1info.com\/Vijesti\/a263196\/RH-mora-odmah-krenuti-u-prilagodbu-klimatskim-promjenama.html\"> RH mora odmah krenuti u prilagodbu klimatskim promjenama <\/a><\/li>\n<li><a href=\"http:\/\/www.novilist.hr\/Vijesti\/Rijeka\/Snjezana-Prijic-Samarzija-za-Novi-list-Zelimo-u-Rijeku-privuci-studente-s-Dalekog-istoka\"> Snje\u017eana Priji\u0107 Samar\u017eija za Novi list: &#8216;\u017delimo u Rijeku privu\u0107i studente s Dalekog istoka&#8217; <\/a><\/li>\n<\/ul>\n<p>&nbsp;<br \/>\n<strong>2016.<\/strong><\/p>\n<ul class=\"simple\" style=\"list-style-position: outside; text-align: justify;\">\n<li><a href=\"https:\/\/www.fiuman.hr\/predsjednica-pustila-u-rad-super-racunalo-bura\/\"> Predsjednica pustila u rad super racunalo bura <\/a><\/li>\n<li><a href=\"https:\/\/www.jutarnji.hr\/biznis\/tvrtke\/porezna-reforma-mogla-bi-potaknuti-razvoj-hrvatske-it-industrije\/5323991\/\"> Porezna reforma mogla bi potaknuti razvoj hrvatske IT industrije <\/a><\/li>\n<li><a href=\"http:\/\/www.novilist.hr\/Vijesti\/Rijeka\/Super-racunalo-Bura-ulazi-i-u-nastavu-Odjela-za-informatiku\"> Super-ra\u010dunalo Bura ulazi i u nastavu Odjela za informatiku <\/a><\/li>\n<li><a href=\"http:\/\/www.liburnija.com\/uspjesna-prva-godina-rada-superracunala-bura\/\"> Uspje\u0161na prva godina rada Superra\u010dunala Bura <\/a><\/li>\n<li><a href=\"https:\/\/radio.hrt.hr\/radio-rijeka\/clanak\/superracunalo-bura-uspjesna-prva-godina-rada\/129419\/\"> Superra\u010dunalo Bura: uspje\u0161na prva godina rada <\/a><\/li>\n<li><a href=\"https:\/\/zg-magazin.com.hr\/superracunalo-bura-koristit-ce-se-u-istrazivanjima-na-podrucju-biotehnologije-i-biomedicine\/\"> Superra\u010dunalo Bura koristit \u0107e se u istra\u017eivanjima na podru\u010dju biotehnologije i biomedicine <\/a><\/li>\n<li><a href=\"https:\/\/planb.hr\/rijecka-bura-racunalno-cudoviste-18-terabajta\/\"> Rije\u010dka Bura \u2013 &#8216;\u010dudovi\u0161te&#8217; od 18 TB radne memorije <\/a><\/li>\n<li><a href=\"https:\/\/www.tportal.hr\/tehno\/clanak\/domace-it-trziste-ceka-rast-od-6-5-posto-20160616\"> Doma\u0107e IT tr\u017ei\u0161te \u010deka rast od 6,5 posto <\/a><\/li>\n<li><a href=\"https:\/\/www.rijeka.hr\/dodijeljena-javna-priznanja-grada-rijeke\/\"> Dodijeljena javna priznanja Grada Rijeke <\/a><\/li>\n<li><a href=\"https:\/\/www.ictbusiness.info\/poslovanje\/rast-it-potrosnje-u-hrvatskoj-u-2015-gotovo-11-posto\"> Rast IT potro\u0161nje u Hrvatskoj u 2015. gotovo 11 posto <\/a><\/li>\n<li><a href=\"https:\/\/www.24sata.hr\/tech\/rast-za-hrvatsko-it-trziste-u-2015-skocilo-na-7-13-mlrd-kn-479089\"> Rast za hrvatsko IT tr\u017ei\u0161te: U 2015. sko\u010dilo na 7,13 mlrd. Kn <\/a><\/li>\n<li><a href=\"https:\/\/ezadar.net.hr\/biznis\/2007057\/rast-it-potrosnje-u-hrvatskoj-u-2015-godini\/\"> Rast IT potro\u0161nje u Hrvatskoj u 2015. godini <\/a><\/li>\n<li><a href=\"https:\/\/www.ictbusiness.info\/internet\/odrzani-dani-e-infrastrukture-u-srcu\"> Odr\u017eani Dani e-infrastrukture u Srcu <\/a><\/li>\n<li><a href=\"https:\/\/www.mojarijeka.hr\/vijesti\/u-rijeckom-kampusu-predstavljena-istrazivacka-oprema-vrijedna-180-milijuna-kuna\/\"> U rije\u010dkom kampusu predstavljena istra\u017eiva\u010dka oprema vrijedna 180 milijuna kuna <\/a><\/li>\n<li><a href=\"https:\/\/narod.hr\/hrvatska\/u-rijeckom-kampusu-predstavljena-istrazivacka-oprema-vrijedna-180-milijuna-kuna\"> U rije\u010dkom kampusu predstavljena istra\u017eiva\u010dka oprema vrijedna 180 milijuna kuna <\/a><\/li>\n<li><a href=\"https:\/\/radio.hrt.hr\/radio-rijeka\/clanak\/kako-je-rijeckim-kampusom-prosla-vizita-predstavnika-europske-komisije\/119658\/\"> Kako je rije\u010dkim Kampusom pro\u0161la vizita predstavnika Europske komisije <\/a><\/li>\n<li><a href=\"https:\/\/www.tportal.hr\/kultura\/clanak\/otvoren-14-festival-znanosti-na-temu-znanost-i-umjetnost-20160418\/print\"> Otvoren 14. Festival znanosti na temu &#8216;Znanost i umjetnost&#8217; <\/a><\/li>\n<li><a href=\"http:\/\/www.novilist.hr\/Vijesti\/Rijeka\/Specijalna-bolnica-Sveta-Katarina-postaje-nastavna-baza-rijeckog-Sveucilista\"> Specijalna bolnica &#8220;Sveta Katarina&#8221; postaje nastavna baza rije\u010dkog Sveu\u010dili\u0161ta <\/a><\/li>\n<li><a href=\"http:\/\/www.novilist.hr\/Vijesti\/Rijeka\/Estonski-predsjednik-u-rijeckom-sveucilisnom-kampusu-obisao-Buru\"> Estonski predsjednik u rije\u010dkom sveu\u010dili\u0161nom kampusu obi\u0161ao &#8220;Buru&#8221; <\/a><\/li>\n<li><a href=\"https:\/\/preporucamo.com\/rijecko-superracunalo-bura-krenulo-s-radom\/2016\/03\/02\/\"> Rije\u010dko superra\u010dunalo Bura krenulo s radom <\/a><\/li>\n<li><a href=\"https:\/\/radio.hrt.hr\/radio-rijeka\/clanak\/predsjednik-estonije-zadivljen-radom-na-sveucilistu-i-burom\/115406\/\"> Predsjednik Estonije zadivljen radom na Sveu\u010dili\u0161tu i Burom <\/a><\/li>\n<li><a href=\"https:\/\/www.rijeka.hr\/predsjednik-republike-estonije-posjetio-kampus-sveucilista-rijeci\/\"> Predsjednik Republike Estonije posjetio Kampus Sveu\u010dili\u0161ta u Rijeci <\/a><\/li>\n<li><a href=\"https:\/\/www.mojarijeka.hr\/vijesti\/predsjednik-republike-estonije-posjetio-kampus-sveucilista-u-rijeci\/\"> Predsjednik Republike Estonije posjetio Kampus Sveu\u010dili\u0161ta u Rijeci <\/a><\/li>\n<li><a href=\"https:\/\/direktno.hr\/domovina\/rektor-lucin-kasnimo-deset-godina-kada-je-rijec-o-otvorenom-obrazovanju-41517\/\"> Rektor Lu\u010din: Kasnimo deset godina kada je rije\u010d o otvorenom obrazovanju <\/a><\/li>\n<li><a href=\"https:\/\/direktno.hr\/domovina\/estonski-predsjednik-posjetio-rijecki-kampus-evo-sto-ga-najvise-zanimalo-42925\/\"> Estonski predsjednik posjetio rije\u010dki kampus, evo \u0161to ga najvi\u0161e zanimalo <\/a><\/li>\n<li><a href=\"https:\/\/www.poslovni.hr\/sci-tech\/foto-predsjednica-grabar-kitarovic-pustila-u-puni-pogon-superracunalo-bura-309353\"> Predsjednica Grabar Kitarovi\u0107 pustila u puni pogon superra\u010dunalo &#8220;Bura&#8221; <\/a><\/li>\n<li><a href=\"http:\/\/www.novilist.hr\/Vijesti\/Rijeka\/Grabar-Kitarovic-pustila-u-puni-pogon-superracunalo-Bura\"> Grabar-Kitarovi\u0107 pustila u puni pogon superra\u010dunalo &#8220;Bura&#8221; <\/a><\/li>\n<li><a href=\"https:\/\/radio.hrt.hr\/radio-rijeka\/ep\/superracunalo-bura\/180366\/\"> Superra\u010dunalo Bura <\/a><\/li>\n<li><a href=\"https:\/\/radio.hrt.hr\/radio-rijeka\/clanak\/grabar-kitarovic-pustila-buru-u-rad-za-znanost-treba-vise-novca\/113440\/\"> Grabar Kitarovi\u0107 pustila &#8220;Buru&#8221; u rad: Za znanost treba vi\u0161e novca! <\/a><\/li>\n<li><a href=\"https:\/\/www.tportal.hr\/vijesti\/clanak\/predsjednica-pustila-u-puni-pogon-superracunalo-bura-20160226\"> Predsjednica pustila u puni pogon superra\u010dunalo Bura <\/a><\/li>\n<li><a href=\"https:\/\/kamenjar.com\/kolinda-grabar-kitarovic-pustila-u-puni-pogon-superracunalo-bura\/\"> Kolinda Grabar Kitarovi\u0107 pustila u puni pogon superra\u010dunalo &#8216;Bura&#8217; <\/a><\/li>\n<li><a href=\"https:\/\/www.itbizcrunch.com\/index.php\/biz-vijesti\/item\/4055-hrvatska-predsjednica-pustila-u-rad-superracunalo-bura-na-sveuciliste-u-rijeci\"> Hrvatska predsjednica pustila u rad superra\u010dunalo &#8220;Bura&#8221; na sveu\u010dili\u0161te u Rijeci <\/a><\/li>\n<li><a href=\"https:\/\/www.vidi.hr\/Sci-Tech\/Znanost\/Rijecka-Bura-Najjace-regionalno-superracunalo\"> Rije\u010dka Bura: Najja\u010de regionalno superra\u010dunalo <\/a><\/li>\n<li><a href=\"https:\/\/www.ictbusiness.info\/vijesti\/rijecko-sveuciliste-pokrenulo-superracunalo-bura-32-najjace-racunalo-na-svijetu\"> Rije\u010dko sveu\u010dili\u0161te pokrenulo superra\u010dunalo Bura, 32. najja\u010de ra\u010dunalo na svijetu <\/a><\/li>\n<li><a href=\"https:\/\/insidehpc.com\/2016\/02\/the-university-of-rijeka-takes-a-leap-and-unveils-the-most-powerful-supercomputer-in-the-adriatic-region-designed-by-bull\/\"> Bull Builds Bura Supercomputer at University of Rijeka <\/a><\/li>\n<li><a href=\"https:\/\/www.index.hr\/vijesti\/clanak\/kolinda-u-pogon-pustila-superracunalo-bura-vrijedno-447-milijuna-kuna\/877503.aspx\"> Kolinda u pogon pustila superra\u010dunalo &#8220;Bura&#8221; vrijedno 44,7 milijuna kuna <\/a><\/li>\n<li><a href=\"https:\/\/www.mojarijeka.hr\/vijesti\/predsjednica-kolinda-grabar-kitarovic-posjetila-kampus-sveucilista-u-rijeci\/\"> Predsjednica Kolinda Grabar Kitarovi\u0107 posjetila Kampus Sveu\u010dili\u0161ta u Rijeci <\/a><\/li>\n<li><a href=\"https:\/\/direktno.hr\/domovina\/predsjednica-u-pogon-pustila-buru-superracunalo-vrijedno-44-milijuna-kn-40354\/\"> Predsjednica u pogon pustila &#8216;Buru&#8217;, superra\u010dunalo vrijedno 44 milijuna kn <\/a><\/li>\n<li><a href=\"https:\/\/narod.hr\/hrvatska\/predsjednica-grabar-kitarovic-pustila-u-puni-pogon-superracunalo-bura\"> Predsjednica Grabar Kitarovi\u0107 pustila u puni pogon superra\u010dunalo &#8216;Bura&#8217; <\/a><\/li>\n<li><a href=\"https:\/\/www.vecernji.hr\/vijesti\/predsjednica-grabar-kitarovic-pustila-u-puni-pogon-superracunalo-bura-1063634\"> Predsjednica Grabar Kitarovi\u0107 pustila u puni pogon superra\u010dunalo &#8216;Bura&#8217; <\/a><\/li>\n<li><a href=\"https:\/\/riportal.net.hr\/foto-svecano-u-kampusu-na-trsatu-predsjednica-kolinda-grabar-kitarovic-u-rad-pustila-superracunalo-bura\/\"> Predsjednica Kolinda Grabar Kitarovi\u0107 u rad pustila superra\u010dunalo \u201eBura\u201c! <\/a><\/li>\n<li><a href=\"https:\/\/riportal.net.hr\/sve-sto-ste-ikada-htjeli-znati-o-buri-prvo-hrvatsko-superracunalo-spada-u-500-najboljih-i-najjacih-na-svijetu\/\"> Prvo hrvatsko superra\u010dunalo spada u 500 najboljih i najja\u010dih na svijetu! <\/a><\/li>\n<li><a href=\"https:\/\/dubrovackidnevnik.net.hr\/vijesti\/hrvatska\/prvo-hrvatsko-superracunalo-bura-spada-u-500-najboljih-na-svijetu-video\"> PRVO HRVATSKO SUPERRA\u010cUNALO &#8216;Bura&#8217; spada u 500 najboljih na svijetu <\/a><\/li>\n<li><a href=\"https:\/\/www.rtl.hr\/vijesti-hr\/video\/vijesti\/93491\/bura-je-prvo-hrvatsko-superracunalo-spada-u-500-najboljih-i-najjacih-na-svijetu\/\"> Bura je prvo hrvatsko superra\u010dunalo: spada u 500 najboljih i najja\u010dih na svijetu <\/a><\/li>\n<li><a href=\"https:\/\/dnevnik.hr\/vijesti\/hrvatska\/predsjednica-grabar-kitarovic-pustila-u-puni-pogon-superracunalo-bura---427886.html\"> U Hrvatskoj proradilo superra\u010dunalo nevjerojatnih mogu\u0107nosti <\/a><\/li>\n<li><a href=\"https:\/\/www.fiuman.hr\/rijecko-super-racunalo-bura-u-petak-krece-s-radom\/\"> Rije\u010dko super-racunalo Bura u petak krece s radom <\/a><\/li>\n<li><a href=\"https:\/\/www.fiuman.hr\/rijecko-super-racunalo-bura-krenulo-s-radom\/\"> Rije\u010dko super-racunalo Bura krenulo s radom <\/a><\/li>\n<\/ul>\n<p>&nbsp;<br \/>\n<strong>2015.<\/strong><\/p>\n<ul class=\"simple\" style=\"list-style-position: outside; text-align: justify;\">\n<li><a href=\"https:\/\/ezadar.net.hr\/dogadaji\/2054251\/u-sklopu-dana-medicinskog-fakulteta-obiljezeno-25-godina-postojanja-studija-sanitarnog-inzenjerstva\/\"> U sklopu Dana medicinskog fakulteta obilje\u017eeno 25 godina postojanja studija sanitarnog in\u017eenjerstva <\/a><\/li>\n<li><a href=\"http:\/\/www.novilist.hr\/Znanost-i-tehnologija\/Tehnologija\/Bura-s-elitom-Nije-lako-uci-ali-nije-lako-ni-ostati\"> Bura s elitom: Nije lako u\u0107i, ali nije lako ni ostati <\/a><\/li>\n<li><a href=\"https:\/\/radio.hrt.hr\/clanak\/drzimo-korak-u-it-sektoru-ali-treba-nam-razvijenije-drustvo\/105002\/\"> Dr\u017eimo korak u IT sektoru, ali treba nam razvijenije dru\u0161tvo <\/a><\/li>\n<li><a href=\"http:\/\/www.novilist.hr\/Znanost-i-tehnologija\/Tehnologija\/Buducnost-medicine-Printanje-ljudskih-organa-vec-se-naveliko-primjenjuje\"> Budu\u0107nost medicine: Printanje ljudskih organa ve\u0107 se naveliko primjenjuje <\/a><\/li>\n<li><a href=\"http:\/\/www.novilist.hr\/Vijesti\/Rijeka\/Rijecka-Bura-ce-pomoci-u-trazenju-lijeka-za-Alzheimerovu-bolest\"> Rije\u010dka &#8220;Bura&#8221; \u0107e pomo\u0107i u tra\u017eenju lijeka za Alzheimerovu bolest <\/a><\/li>\n<li><a href=\"http:\/\/www.novilist.hr\/Vijesti\/Rijeka\/Superracunalo-Bura-ce-donijeti-znacajne-ekonomske-rezultate\"> Superra\u010dunalo Bura \u0107e donijeti zna\u010dajne ekonomske rezultate <\/a><\/li>\n<li><a href=\"https:\/\/www.srednja.hr\/svastara\/rijecko-superracunalo-bura-medu-500-najjacih-na-svijetu\/\"> Rije\u010dko superra\u010dunalo Bura me\u0111u 500 najja\u010dih na svijetu <\/a><\/li>\n<li><a href=\"https:\/\/www.poslovni.hr\/sci-tech\/rijecka-bura-meu-500-najjacih-superracunala-na-svijetu-bolja-i-od-cambridgea-305420\"> Rije\u010dka \u201cBura\u201d me\u0111u 500 najja\u010dih superra\u010dunala na svijetu, bolja i od Cambridgea <\/a><\/li>\n<li><a href=\"https:\/\/www.total-croatia-news.com\/business\/1599-bura-in-rijeka-croatia-one-of-500-most-powerful-supercomputers-in-the-world\"> &#8220;Bura&#8221; in Rijeka, Croatia One of 500 Most Powerful Supercomputers in the World <\/a><\/li>\n<li><a href=\"http:\/\/www.novilist.hr\/Vijesti\/Rijeka\/Medu-500-najjacih-superracunala-na-svijetu-Rijecka-Bura-jaca-od-Cambridgea\"> Me\u0111u 500 najja\u010dih superra\u010dunala na svijetu: Rije\u010dka Bura ja\u010da od Cambridgea <\/a><\/li>\n<li><a href=\"https:\/\/radio.hrt.hr\/radio-rijeka\/clanak\/superracunalo-bura-meu-500-najnaprednijih-u-svijetu\/106629\/\"> Superra\u010dunalo &#8220;Bura&#8221; me\u0111u 500 najnaprednijih u svijetu <\/a><\/li>\n<li><a href=\"http:\/\/www.novilist.hr\/Vijesti\/Rijeka\/Bez-superracunala-nema-ni-prognoze-ni-kupacih-gaca\"> Bez superra\u010dunala nema ni prognoze ni kupa\u0107ih ga\u0107a <\/a><\/li>\n<li><a href=\"https:\/\/www.telegram.hr\/biznis-tech\/kampus-sveucilista-u-rijeci-poceo-je-testirati-prvi-hrvatski-superkompjuter-buru\/\"> Kampus Sveu\u010dili\u0161ta u Rijeci po\u010deo je testirati prvi hrvatski superkompjuter Buru <\/a><\/li>\n<li><a href=\"https:\/\/www.vecernji.hr\/techsci\/na-sveucilistu-u-rijeci-testira-se-44-milijuna-kuna-vrijedno-superracunalo-1033819\"> Za kori\u0161tenje rije\u010dkog superra\u010dunala vrijednog 44 milijuna kuna molbe \u0161alju i Austrijanci <\/a><\/li>\n<li><a href=\"https:\/\/www.vecernji.hr\/vijesti\/usluge-rijeckog-superracunala-traze-iz-srbije-i-austrije-1033756\"> Usluge rije\u010dkog superra\u010dunala tra\u017ee iz Srbije i Austrije <\/a><\/li>\n<li><a href=\"https:\/\/www.24sata.hr\/tech\/kosta-447-mil-kuna-bura-je-najmocniji-kompjutor-u-zemlji-444426\"> Ko\u0161ta 44,7 mil. kuna: Bura je najmo\u0107niji kompjutor u zemlji <\/a><\/li>\n<li><a href=\"https:\/\/www.total-croatia-news.com\/business\/1187-rijeka-gets-the-fastest-supercomputer-in-croatia\"> Rijeka Gets the Fastest Supercomputer in Croatia <\/a><\/li>\n<li><a href=\"https:\/\/www.poslovni.hr\/hrvatska\/foto-na-sveucilistu-u-rijeci-testira-se-44-milijuna-kuna-vrijedno-superracunalo-303885\"> Na Sveu\u010dili\u0161tu u Rijeci testira se 44 milijuna kuna vrijedno superra\u010dunalo <\/a><\/li>\n<li><a href=\"https:\/\/insidehpc.com\/2015\/10\/bull-atos-installs-fastest-supercomputer-in-croatia\/\"> Bull Atos Installs Fastest Supercomputer in Croatia <\/a><\/li>\n<li><a href=\"https:\/\/glasistrenovine.hr\/arhiva-portala\/pregled-vijesti\/rijecko-superracunalo-simulirat-ce-utjecaj-lijekova-na-covjeka-511401,\"> Rije\u010dko superra\u010dunalo simulirat \u0107e utjecaj lijekova na \u010dovjeka <\/a><\/li>\n<li><a href=\"https:\/\/www.poslovni.hr\/sci-tech\/hrvatsko-superracunalo-bura-pusteno-u-testni-rad-instalacija-vrijedna-44-milijuna-kuna-303348\"> Hrvatsko superra\u010dunalo Bura pu\u0161teno u testni rad, instalacija vrijedna 44 milijuna kuna <\/a><\/li>\n<li><a href=\"http:\/\/www.liburnija.com\/u-rijeku-stigla-bura-superracunalo\/\"> U Rijeku stigla Bura, superra\u010dunalo <\/a><\/li>\n<li><a href=\"http:\/\/balkans.aljazeera.net\/vijesti\/bura-najjace-superracunalo-u-regiji-tema-0\"> Bura &#8211; najmo\u0107nije superra\u010dunalo u regiji <\/a><\/li>\n<li><a href=\"http:\/\/www.novilist.hr\/Vijesti\/Rijeka\/Bura-pustena-u-probni-rad-Sklapanje-rijeckog-superracunala-privodi-se-kraju\"> Bura pu\u0161tena u probni rad: Sklapanje rije\u010dkog superra\u010dunala privodi se kraju <\/a><\/li>\n<li><a href=\"http:\/\/www.novilist.hr\/Vijesti\/Rijeka\/Rijecki-superkompjutor-vrijedan-44-milijuna-kuna-simulirat-ce-utjecaj-lijekova-na-covjeka\"> Rije\u010dki superkompjutor vrijedan 44 milijuna kuna simulirat \u0107e utjecaj lijekova na \u010dovjeka <\/a><\/li>\n<li><a href=\"https:\/\/www.vidi.hr\/Racunala\/Novosti\/U-Rijeku-stize-Bura-najjace-superracunalo-u-regiji\"> U Rijeku sti\u017ee Bura, najja\u010de superra\u010dunalo u regiji <\/a><\/li>\n<li><a href=\"https:\/\/www.index.hr\/magazin\/clanak\/U-Rijeku-stize-Bura-najjace-superracunalo-u-regiji-vrijedno--45-milijuna-kuna\/829483.aspx\"> U Rijeku sti\u017ee Bura, najja\u010de superra\u010dunalo u regiji vrijedno 45 milijuna kuna <\/a><\/li>\n<li><a href=\"http:\/\/www.novilist.hr\/Vijesti\/Rijeka\/Rijecko-sveuciliste-Dolazak-superracunala-Bure-nestrpljivo-cekaju-i-privrednici\"> Rije\u010dko sveu\u010dili\u0161te: Dolazak superra\u010dunala \u00bbBure\u00ab nestrpljivo \u010dekaju i privrednici <\/a><\/li>\n<li><a href=\"https:\/\/www.poslovni.hr\/sci-tech\/rijecka-bura-zapela-za-oko-i-silicon-graphicsu-298272\"> Rije\u010dka Bura zapela za oko i Silicon Graphicsu <\/a><\/li>\n<li><a href=\"https:\/\/www.telegram.hr\/biznis-tech\/sveuciliste-u-rijeci-nabavlja-prvo-supperacunalo-u-hrvatskoj-vrijedno-45-milijuna-kuna\/\"> Sveu\u010dili\u0161te u Rijeci nabavlja prvo suppera\u010dunalo u Hrvatskoj vrijedno 45 milijuna kuna <\/a><\/li>\n<li><a href=\"https:\/\/www.ictbusiness.info\/vijesti\/super-racunalo-vrijedno-44-milijuna-kuna-stize-u-rijeku\"> Super ra\u010dunalo vrijedno 44 milijuna kuna sti\u017ee u Rijeku <\/a><\/li>\n<li><a href=\"https:\/\/www.poslovni.hr\/sci-tech\/tri-tvrtke-vec-zele-zakupiti-rijecku-buru-298193\"> Rije\u010dko sveu\u010dili\u0161te za 45 milijuna kuna kupuje najja\u010de hrvatsko superra\u010dunalo <\/a><\/li>\n<li><a href=\"https:\/\/www.itbizcrunch.com\/index.php\/hot-topic\/item\/774-hrvatsko-superracunalo-bura-radi-kao-2818-procesora-u-jednom-prosjecnom-racunalu\"> Hrvatsko superra\u010dunalo Bura radi kao 2818 procesora u jednom prosje\u010dnom ra\u010dunalu <\/a><\/li>\n<\/ul>\n<p>&nbsp;<br \/>\n<strong>2014.<\/strong><\/p>\n<ul class=\"simple\" style=\"list-style-position: outside; text-align: justify;\">\n<li><a href=\"https:\/\/www.index.hr\/magazin\/clanak\/Sveuciliste-u-Rijeci-nabavilo-superracunalo-vrijedno-vise-od-4-milijuna-eura\/763508.aspx\"> Sveu\u010dili\u0161te u Rijeci nabavilo superra\u010dunalo vrijedno vi\u0161e od 4 milijuna eura <\/a><\/li>\n<\/ul>\n<p><\/p>","protected":false},"excerpt":{"rendered":"<p>2024. Rijeka Tehnologije 2024 &nbsp; 2023. Hrvatski znanstvenici u senzacionalnom otkri\u0107u. Veliku ulogu su imali Rije\u010dani i \u2013 superra\u010dunalo Bura Superra\u010dunala u pogonu: nakon Bure stigao Supek &nbsp; 2022. U Cresu se razgovaralo o kori\u0161tenju umjetne inteligencije u \u010duvanju morskog&hellip;&nbsp;<a href=\"https:\/\/cnrm.uniri.hr\/hr\/in-media\/\" class=\"more-link\">Read More<\/a><\/p>\n","protected":false},"author":14,"featured_media":0,"parent":0,"menu_order":0,"comment_status":"closed","ping_status":"closed","template":"templates\/builder.php","meta":{"_links_to":"","_links_to_target":""},"categories":[],"tags":[],"_links":{"self":[{"href":"https:\/\/cnrm.uniri.hr\/hr\/wp-json\/wp\/v2\/pages\/4528"}],"collection":[{"href":"https:\/\/cnrm.uniri.hr\/hr\/wp-json\/wp\/v2\/pages"}],"about":[{"href":"https:\/\/cnrm.uniri.hr\/hr\/wp-json\/wp\/v2\/types\/page"}],"author":[{"embeddable":true,"href":"https:\/\/cnrm.uniri.hr\/hr\/wp-json\/wp\/v2\/users\/14"}],"replies":[{"embeddable":true,"href":"https:\/\/cnrm.uniri.hr\/hr\/wp-json\/wp\/v2\/comments?post=4528"}],"version-history":[{"count":34,"href":"https:\/\/cnrm.uniri.hr\/hr\/wp-json\/wp\/v2\/pages\/4528\/revisions"}],"predecessor-version":[{"id":8830,"href":"https:\/\/cnrm.uniri.hr\/hr\/wp-json\/wp\/v2\/pages\/4528\/revisions\/8830"}],"wp:attachment":[{"href":"https:\/\/cnrm.uniri.hr\/hr\/wp-json\/wp\/v2\/media?parent=4528"}],"wp:term":[{"taxonomy":"category","embeddable":true,"href":"https:\/\/cnrm.uniri.hr\/hr\/wp-json\/wp\/v2\/categories?post=4528"},{"taxonomy":"post_tag","embeddable":true,"href":"https:\/\/cnrm.uniri.hr\/hr\/wp-json\/wp\/v2\/tags?post=4528"}],"curies":[{"name":"wp","href":"https:\/\/api.w.org\/{rel}","templated":true}]}}