{"id":4717,"date":"2020-03-16T00:29:37","date_gmt":"2020-03-15T23:29:37","guid":{"rendered":"https:\/\/cnrm.uniri.hr\/?page_id=4717"},"modified":"2022-12-20T09:34:36","modified_gmt":"2022-12-20T08:34:36","slug":"applications","status":"publish","type":"page","link":"https:\/\/cnrm.uniri.hr\/hr\/applications\/","title":{"rendered":"Prijave"},"content":{"rendered":"<p><\/p>\n<style>\nul {list-style-position: outside;}\n<\/style>\n<div style=\"text-align: justify;\">\n<strong>Prijava za korisnike iz akademske zajednice<\/strong><br \/>\nSuperra\u010dunalo Bura primarno se primjenjuje za projektne potrebe u akademskoj zajednici.<\/p>\n<ul class=\"simple\">\n<li><strong>Korisnici sa Sveu\u010dili\u0161ta u Rijeci<\/strong><br \/>\nSvi nastavnici i suradnici zaposleni na Sveu\u010dili\u0161tu u Rijeci imaju pravo pristupa Buri. Za ostvarivanje pristupa potrebno je obratiti se s upitom za <a class=\"reference internal\" href=\"https:\/\/cnrm.uniri.hr\/hr\/contact\/\"><span class=\"std std-ref\">otvaranje korisni\u010dkog ra\u010duna<\/span><\/a>. Periodi\u010dki se na Sveu\u010dili\u0161tu u Rijeci, uz prethodnu najavu, odr\u017eavaju radionice o kori\u0161tenju superra\u010dunala Bura namijenjene znanstvenom osoblju. Kako bi radionice imale \u0161to bolji u\u010dinak, molimo vas da prilikom prijave ostavite komentar o programima koje biste htjeli koristiti na Superra\u010dunalu.<\/li>\n<li><strong>Korisnici s drugih visoko\u0161kolskih i istra\u017eiva\u010dkih ustanova u Republici Hrvatskoj<\/strong><br \/>\nNastavnici i suradnici zaposleni na drugim visoko\u0161kolskim i istra\u017eiva\u010dkim ustanovama u Republici Hrvatskoj tako\u0111er imaju pravo pristupa Buri\u00a0<a class=\"reference internal\" href=\"https:\/\/cnrm.uniri.hr\/hr\/contact\/\"><span class=\"std std-ref\">na upit<\/span><\/a>.<\/li>\n<li><strong>Korisnici sa znanstveno-istra\u017eiva\u010dkih institucija izvan Republike Hrvatske<\/strong><br \/>\nKorisnici sa znanstveno-istra\u017eiva\u010dkih institucija izvan Republike Hrvatske imaju pravo <a class=\"reference internal\" href=\"https:\/\/www.hpc.uniri.hr\/en\/contact\/#en-contact\"><span class=\"std std-ref\">pristupa Buri<\/span><\/a> ukoliko sudjeluju na projektu sa znanstvenicima iz Republike Hrvatske.<\/li>\n<\/ul>\n<p>&nbsp;<br \/>\n<strong>Prijava za korisnike iz gospodarstva<\/strong><br \/>\nSuperra\u010dunalo Bura primarno se primjenjuje za potrebe ra\u010dunanja na projektima koji se izvode u akademskoj zajednici, no pristup je omogu\u0107en i gospodarskim subjektima. Gospodarski subjekti zainteresirani za kori\u0161tenje superra\u010dunala mogu se\u00a0<a class=\"reference internal\" href=\"https:\/\/cnrm.uniri.hr\/hr\/contact\/\"><span class=\"std std-ref\">javiti s upitom<\/span><\/a>.\n<\/div>\n<p><\/p>","protected":false},"excerpt":{"rendered":"<p>Prijava za korisnike iz akademske zajednice Superra\u010dunalo Bura primarno se primjenjuje za projektne potrebe u akademskoj zajednici. Korisnici sa Sveu\u010dili\u0161ta u Rijeci Svi nastavnici i suradnici zaposleni na Sveu\u010dili\u0161tu u Rijeci imaju pravo pristupa Buri. Za ostvarivanje pristupa potrebno je&hellip;&nbsp;<a href=\"https:\/\/cnrm.uniri.hr\/hr\/applications\/\" class=\"more-link\">Read More<\/a><\/p>\n","protected":false},"author":14,"featured_media":0,"parent":0,"menu_order":0,"comment_status":"closed","ping_status":"closed","template":"templates\/builder.php","meta":{"_links_to":"","_links_to_target":""},"categories":[],"tags":[],"_links":{"self":[{"href":"https:\/\/cnrm.uniri.hr\/hr\/wp-json\/wp\/v2\/pages\/4717"}],"collection":[{"href":"https:\/\/cnrm.uniri.hr\/hr\/wp-json\/wp\/v2\/pages"}],"about":[{"href":"https:\/\/cnrm.uniri.hr\/hr\/wp-json\/wp\/v2\/types\/page"}],"author":[{"embeddable":true,"href":"https:\/\/cnrm.uniri.hr\/hr\/wp-json\/wp\/v2\/users\/14"}],"replies":[{"embeddable":true,"href":"https:\/\/cnrm.uniri.hr\/hr\/wp-json\/wp\/v2\/comments?post=4717"}],"version-history":[{"count":29,"href":"https:\/\/cnrm.uniri.hr\/hr\/wp-json\/wp\/v2\/pages\/4717\/revisions"}],"predecessor-version":[{"id":7613,"href":"https:\/\/cnrm.uniri.hr\/hr\/wp-json\/wp\/v2\/pages\/4717\/revisions\/7613"}],"wp:attachment":[{"href":"https:\/\/cnrm.uniri.hr\/hr\/wp-json\/wp\/v2\/media?parent=4717"}],"wp:term":[{"taxonomy":"category","embeddable":true,"href":"https:\/\/cnrm.uniri.hr\/hr\/wp-json\/wp\/v2\/categories?post=4717"},{"taxonomy":"post_tag","embeddable":true,"href":"https:\/\/cnrm.uniri.hr\/hr\/wp-json\/wp\/v2\/tags?post=4717"}],"curies":[{"name":"wp","href":"https:\/\/api.w.org\/{rel}","templated":true}]}}