{"id":5208,"date":"2020-03-24T18:02:20","date_gmt":"2020-03-24T17:02:20","guid":{"rendered":"https:\/\/cnrm.uniri.hr\/?page_id=5208"},"modified":"2024-01-22T12:38:39","modified_gmt":"2024-01-22T11:38:39","slug":"home","status":"publish","type":"page","link":"https:\/\/cnrm.uniri.hr\/hr\/","title":{"rendered":"Naslovnica"},"content":{"rendered":"<p><div id=\"metaslider-id-5200\" style=\"max-width: 1000px; margin: 0 auto;\" class=\"ml-slider-3-60-1 metaslider metaslider-flex metaslider-5200 ml-slider ms-theme-cubic has-dots-nav\" role=\"region\" aria-roledescription=\"Slideshow\" aria-label=\"front\">\n    <div id=\"metaslider_container_5200\">\n        <div id=\"metaslider_5200\">\n            <ul aria-live=\"polite\" class=\"slides\">\n                <li style=\"display: block; width: 100%;\" class=\"slide-9101 ms-image\" aria-roledescription=\"slide\" aria-label=\"slide-9101\"><img src=\"https:\/\/cnrm.uniri.hr\/upload\/2024\/01\/radionica_bura-1000x600.png\" height=\"600\" width=\"1000\" alt=\"\" class=\"slider-5200 slide-9101\" title=\"radionica_bura\" \/><div class=\"caption-wrap\"><div class=\"caption\"><p><a class=\"reference external\" href=\"https:\/\/uniri.hr\/vijesti\/radionica-za-doktorande-i-postdoktorande-ulazak-u-svijet-superracunala-pristup-i-koristenje-bure\/\"><font size=\"5\" color=\"#FFFFFF\"><b>Radionica za doktorande<\/b><\/font><\/a><\/p>\n\u00a0\n<p><font size=\"4\">Doktorska \u0161kola Sveu\u010dili\u0161ta u Rijeci, Zaklada Sveu\u010dili\u0161ta u Rijeci i Centar za napredno ra\u010dunanje i modeliranje Sveu\u010dili\u0161ta u Rijeci organiziraju radionicu za doktorande i postdoktorande.<\/font><\/p><\/div><\/div><\/li>\n                <li style=\"display: none; width: 100%;\" class=\"slide-8970 ms-image\" aria-roledescription=\"slide\" aria-label=\"slide-8970\"><img src=\"https:\/\/cnrm.uniri.hr\/upload\/2024\/01\/rijeka_tehnologije_2024-1000x600.jpg\" height=\"600\" width=\"1000\" alt=\"\" class=\"slider-5200 slide-8970\" title=\"rijeka_tehnologije_2024\" \/><div class=\"caption-wrap\"><div class=\"caption\"><p><font size=\"5\" color=\"#FFFFFF\"><b>Rijeka tehnologije 2024 <\/b><\/font><\/p>\n\u00a0\n<p><font size=\"4\"><\/font><\/p><p><font size=\"4\">Upoznajte nas i posjetite na\u0161e laboratorije na manifestaciji Rijeka tehnologije 2024.<\/font><\/p><p><font size=\"4\">\u00a0<\/font><\/p><\/div><\/div><\/li>\n                <li style=\"display: none; width: 100%;\" class=\"slide-5986 ms-image\" aria-roledescription=\"slide\" aria-label=\"slide-5986\"><img src=\"https:\/\/cnrm.uniri.hr\/upload\/2020\/03\/front_image-1000x600.jpg\" height=\"600\" width=\"1000\" alt=\"\" class=\"slider-5200 slide-5986\" title=\"front_image\" \/><div class=\"caption-wrap\"><div class=\"caption\"><p><font size=\"5\" color=\"#FFFFFF\"><b>HPC i znanost<\/b><\/font><\/p>\n\u00a0\n<p><font size=\"4\">Centar za napredno ra\u010dunanje i modeliranje Sveu\u010dili\u0161ta u Rijeci okuplja interdisciplinarnu skupinu znanstvenika, stru\u010dnjaka u podru\u010dju primjene i rada s HPC sustavima.<\/font><\/p><\/div><\/div><\/li>\n                <li style=\"display: none; width: 100%;\" class=\"slide-6354 ms-image\" aria-roledescription=\"slide\" aria-label=\"slide-6354\"><img src=\"https:\/\/cnrm.uniri.hr\/upload\/2020\/09\/front_racks-1000x600.png\" height=\"600\" width=\"1000\" alt=\"\" class=\"slider-5200 slide-6354\" title=\"front_racks\" \/><div class=\"caption-wrap\"><div class=\"caption\"><p><font size=\"5\" color=\"#FFFFFF\"><b>HPC i znanost<\/b><\/font><\/p>\n\u00a0\n<p><font size=\"4\">Centar za napredno ra\u010dunanje i modeliranje Sveu\u010dili\u0161ta u Rijeci okuplja interdisciplinarnu skupinu znanstvenika, stru\u010dnjaka u podru\u010dju primjene i rada s HPC sustavima.<\/font><\/p><\/div><\/div><\/li>\n                <li style=\"display: none; width: 100%;\" class=\"slide-6352 ms-image\" aria-roledescription=\"slide\" aria-label=\"slide-6352\"><img src=\"https:\/\/cnrm.uniri.hr\/upload\/2020\/09\/cnrm_atos_jobs-1000x600.png\" height=\"600\" width=\"1000\" alt=\"\" class=\"slider-5200 slide-6352\" title=\"cnrm_atos\" \/><div class=\"caption-wrap\"><div class=\"caption\"><p><font size=\"5\" color=\"#FFFFFF\"><b> Ostale djelatnosti CNRM-a<\/b><\/font><\/p>\n\u00a0\n<p><font size=\"4\">Centar za napredno ra\u010dunanje i modeliranje Sveu\u010dili\u0161ta u Rijeci pru\u017ea opremu i podr\u0161ku pri uporabi opreme za reverzibilno in\u017eenjerstvo.<\/font><\/p><\/div><\/div><\/li>\n                <li style=\"display: none; width: 100%;\" class=\"slide-7031 ms-image\" aria-roledescription=\"slide\" aria-label=\"slide-7031\"><img src=\"https:\/\/cnrm.uniri.hr\/upload\/2021\/03\/cnrm_atos_jobs_2021_v1-e1617087290505.png\" height=\"600\" width=\"1000\" alt=\"\" class=\"slider-5200 slide-7031\" title=\"cnrm_atos\" \/><div class=\"caption-wrap\"><div class=\"caption\"><p><font size=\"5\" color=\"#FFFFFF\"><b> Ostale djelatnosti CNRM-a<\/b><\/font><\/p>\n\u00a0\n<p><font size=\"4\">Centar za napredno ra\u010dunanje i modeliranje Sveu\u010dili\u0161ta u Rijeci pru\u017ea opremu i podr\u0161ku pri uporabi opreme za reverzibilno in\u017eenjerstvo.<\/font><\/p><\/div><\/div><\/li>\n            <\/ul>\n        <\/div>\n        \n    <\/div>\n<\/div><\/p>\n<div style=\"text-align: justify; \">\nCentar za napredno ra\u010dunanje i modeliranje znanstveno-razvojni je centar u sklopu Sveu\u010dili\u0161ta u Rijeci usmjeren ka razvoju i implementaciji sustava u superra\u010dunalnom okru\u017eenju. U sklopu centra djeluje i Odjel za napredno modeliranje koji primjenom modernih metoda i tehnologija ostvaruje vezu izme\u0111u ra\u010dunalnih 3D modela i okoline.<br \/>\n&nbsp;<br \/>\nCentar za napredno ra\u010dunanje i modeliranje sura\u0111uje s brojnim doma\u0107im i stranim znanstvenim institucijama i gospodarskim subjektima, pru\u017eaju\u0107i im resurse i podr\u0161ku pri realizaciji slo\u017eenih prora\u010duna u HPC okru\u017eenju.<br \/>\n&nbsp;<br \/>\nCentar sa\u010dinjava heterogeni sustav znanstvenika koji provode istra\u017eivanja u razli\u010ditim podru\u010djima znanosti, od tehni\u010dkih do biomedicinskih, s razli\u010ditim znanstvenim interesima.<\/div>\n<p>&nbsp;<\/p>\n<div align=\"center\" style=\"vertical-align: middle;\">\n<a href=\"https:\/\/atos.net\/\"><img decoding=\"async\" src=\"https:\/\/cnrm.uniri.hr\/upload\/2020\/03\/Atos_logo.png\" width=\"150\" \/><\/a> &ensp; &ensp; <a href=\"https:\/\/www.redhat.com\/\"><img decoding=\"async\" src=\"https:\/\/cnrm.uniri.hr\/upload\/2020\/03\/redhat.png\" width=\"150\" \/><\/a> &ensp; &ensp; <a href=\"https:\/\/www.intel.com\/\"><img decoding=\"async\" src=\"https:\/\/cnrm.uniri.hr\/upload\/2020\/03\/intel.png\" width=\"90\" \/><\/a> &ensp; &ensp; <a href=\"https:\/\/www.nvidia.com\/\"><img decoding=\"async\" src=\"https:\/\/cnrm.uniri.hr\/upload\/2020\/03\/nvidia-e1585325834500.png\" width=\"180\" \/><\/a>\n<\/div>\n<p>&nbsp;<\/p>\n<div align=\"center\" style=\"vertical-align: middle;\">\n<a href=\"https:\/\/altairhyperworks.com\/\"><img decoding=\"async\" src=\"https:\/\/cnrm.uniri.hr\/upload\/2020\/03\/altair-e1584477003321.png\" width=\"200\" \/><\/a> &ensp; &ensp; <a href=\"http:\/\/www.gromacs.org\/\"><img decoding=\"async\" src=\"https:\/\/cnrm.uniri.hr\/upload\/2020\/03\/gromacs-e1584477311646.png\" width=\"200\" \/><\/a> &ensp; &ensp; <a href=\"https:\/\/openfoam.org\/\"><img decoding=\"async\" src=\"https:\/\/cnrm.uniri.hr\/upload\/2020\/03\/openfoam.png\" width=\"200\" \/><\/a> &ensp; &ensp; <a href=\"https:\/\/rxdock.gitlab.io\/\"><img decoding=\"async\" src=\"https:\/\/cnrm.uniri.hr\/upload\/2020\/03\/rxdock-e1585138431904.png\" width=\"150\" \/><\/a><br \/>\n<a href=\"https:\/\/www.msg.chem.iastate.edu\/gamess\/\"><img decoding=\"async\" src=\"https:\/\/cnrm.uniri.hr\/upload\/2020\/03\/gamess.png\" width=\"200\" \/><\/a> &ensp; &ensp; <a href=\"https:\/\/nwchemgit.github.io\/\"><img decoding=\"async\" src=\"https:\/\/cnrm.uniri.hr\/upload\/2020\/03\/NWChem.png\" width=\"200\" \/><\/a> &ensp; &ensp; <a href=\"https:\/\/www.paraview.org\/\"><img decoding=\"async\" src=\"https:\/\/cnrm.uniri.hr\/upload\/2020\/03\/paraview.png\" width=\"200\" \/><\/a>\n<\/div>\n<p>&nbsp;<\/p>\n<div align=\"right\">\n<font size=1>Slike ustupili cdc.gov &#038; H. Shaw.<\/font>\n<\/div>\n<p><\/p>","protected":false},"excerpt":{"rendered":"<p>Centar za napredno ra\u010dunanje i modeliranje znanstveno-razvojni je centar u sklopu Sveu\u010dili\u0161ta u Rijeci usmjeren ka razvoju i implementaciji sustava u superra\u010dunalnom okru\u017eenju. U sklopu centra djeluje i Odjel za napredno modeliranje koji primjenom modernih metoda i tehnologija ostvaruje vezu&hellip;&nbsp;<a href=\"https:\/\/cnrm.uniri.hr\/hr\/\" class=\"more-link\">Read More<\/a><\/p>\n","protected":false},"author":14,"featured_media":0,"parent":0,"menu_order":0,"comment_status":"closed","ping_status":"closed","template":"templates\/builder.php","meta":{"_links_to":"","_links_to_target":""},"categories":[],"tags":[],"_links":{"self":[{"href":"https:\/\/cnrm.uniri.hr\/hr\/wp-json\/wp\/v2\/pages\/5208"}],"collection":[{"href":"https:\/\/cnrm.uniri.hr\/hr\/wp-json\/wp\/v2\/pages"}],"about":[{"href":"https:\/\/cnrm.uniri.hr\/hr\/wp-json\/wp\/v2\/types\/page"}],"author":[{"embeddable":true,"href":"https:\/\/cnrm.uniri.hr\/hr\/wp-json\/wp\/v2\/users\/14"}],"replies":[{"embeddable":true,"href":"https:\/\/cnrm.uniri.hr\/hr\/wp-json\/wp\/v2\/comments?post=5208"}],"version-history":[{"count":96,"href":"https:\/\/cnrm.uniri.hr\/hr\/wp-json\/wp\/v2\/pages\/5208\/revisions"}],"predecessor-version":[{"id":9099,"href":"https:\/\/cnrm.uniri.hr\/hr\/wp-json\/wp\/v2\/pages\/5208\/revisions\/9099"}],"wp:attachment":[{"href":"https:\/\/cnrm.uniri.hr\/hr\/wp-json\/wp\/v2\/media?parent=5208"}],"wp:term":[{"taxonomy":"category","embeddable":true,"href":"https:\/\/cnrm.uniri.hr\/hr\/wp-json\/wp\/v2\/categories?post=5208"},{"taxonomy":"post_tag","embeddable":true,"href":"https:\/\/cnrm.uniri.hr\/hr\/wp-json\/wp\/v2\/tags?post=5208"}],"curies":[{"name":"wp","href":"https:\/\/api.w.org\/{rel}","templated":true}]}}