{"id":7715,"date":"2022-12-20T17:03:05","date_gmt":"2022-12-20T16:03:05","guid":{"rendered":"https:\/\/cnrm.uniri.hr\/?page_id=7715"},"modified":"2022-12-20T17:09:03","modified_gmt":"2022-12-20T16:09:03","slug":"projects","status":"publish","type":"page","link":"https:\/\/cnrm.uniri.hr\/hr\/projects\/","title":{"rendered":"Projekti"},"content":{"rendered":"<div class=\"grid-plus-container grid-69dfbf01c1c6f page \"\n     id=\"69dfbf01c1c6f\"\n     data-grid-name=\"Projects\"\n     data-animation=\"fadeInDown\">\n    <div class=\"grid-stack-container grid-plus-inner\"\n         data-ajax-url=\"https:\/\/cnrm.uniri.hr\/wp-admin\/admin-ajax.php\"\n         data-grid-id=\"63a1de016dc02\"\n         data-current-category=\"35\"\n         data-section-id=\"69dfbf01c1c6f\"\n         data-gutter=\"10\"\n         data-columns=\"4\"\n         data-height-ratio=\"1\"\n         data-width-ratio=\"1\"\n         data-desktop-columns=\"4\"\n         data-tablet-columns=\"2\"\n         data-mobile-columns=\"1\"\n         data-layout-type=\"grid\"\n         data-fix-item-height=\"true\"\n         data-nonce=\"b4873f6dee\"\n    >\n        \n        <div class=\"grid-stack grid-stack-4\" data-layout=\"grid\"\n             style=\"height: 2270px\">\n        <\/div>\n        <div class=\"grid-items\">\n                            <div class=\"item\" data-gs-x=\"0\"\n                     data-gs-y=\"0\"\n                     data-gs-width=\"1\"\n                     data-gs-height=\"57\"\n                     data-skin=\"thumbnail-icon-title-cat\"\n\n                     data-desktop-gs-x=\"0\"\n                     data-desktop-gs-y=\"0\"\n                     data-desktop-gs-width=\"1\"\n                     data-desktop-gs-height=\"57\"\n                     data-desktop-skin=\"thumbnail-icon-title-cat\"\n\n                     data-image-width=\"1024\"\n                     data-image-height=\"1024\"\n                >\n                    <div class=\"grid-post-item thumbnail thumbnail-icon\" data-thumbnail-only=\"1\">\n    <div class=\"thumbnail-image\" data-img=\"https:\/\/cnrm.uniri.hr\/upload\/2024\/01\/OIG1-800x1024.jpg\">\n                    <img src=\"https:\/\/cnrm.uniri.hr\/upload\/2024\/01\/OIG1-800x1024.jpg\" alt=\"Energetski park baziran na tehnologiji vodika i baterijskog sustava u niskouglji\u010dnoj tranziciji sjevernog Jadrana\" >\n                <div class=\"hover-outer transition-30\">\n                            <a href=\"https:\/\/cnrm.uniri.hr\/hr\/an-energy-park-based-on-hydrogen-technology-and-a-battery-system-in-the-low-carbon-transition-of-the-northern-adriatic\/\" title=\"Energetski park baziran na tehnologiji vodika i baterijskog sustava u niskouglji\u010dnoj tranziciji sjevernog Jadrana\"><\/a>\n                        <div class=\"hover-inner transition-50\">\n                <div class=\"icon-groups\">\n                                            <a href=\"https:\/\/cnrm.uniri.hr\/hr\/an-energy-park-based-on-hydrogen-technology-and-a-battery-system-in-the-low-carbon-transition-of-the-northern-adriatic\/\" class=\"view-detail\" ><i class=\"fa fa-link\"><\/i><\/a>\n                                        <a href=\"javascript:;\" class=\"view-gallery\" data-src=\"https:\/\/cnrm.uniri.hr\/upload\/2024\/01\/OIG1.jpg\" data-post-id=\"8825\" title=\"Energetski park baziran na tehnologiji vodika i baterijskog sustava u niskouglji\u010dnoj tranziciji sjevernog Jadrana\"\n                       data-ajax-url=\"https:\/\/cnrm.uniri.hr\/wp-admin\/admin-ajax.php?_wpnonce=78f9b946c8\"><i class=\"fa fa-search\"><\/i><\/a>\n                <\/div>\n                                    <div class=\"title\">\n                                                    <a href=\"https:\/\/cnrm.uniri.hr\/hr\/an-energy-park-based-on-hydrogen-technology-and-a-battery-system-in-the-low-carbon-transition-of-the-northern-adriatic\/\" title=\"Energetski park baziran na tehnologiji vodika i baterijskog sustava u niskouglji\u010dnoj tranziciji sjevernog Jadrana\">Energetski park baziran na tehnologiji vodika i baterijskog sustava u niskouglji\u010dnoj tranziciji sjevernog Jadrana<\/a>\n                                            <\/div>\n                                                    <div class=\"categories\">Projekti<\/div>\n                            <\/div>\n        <\/div>\n    <\/div>\n<\/div>\n                <\/div>\n                                <div class=\"item\" data-gs-x=\"1\"\n                     data-gs-y=\"0\"\n                     data-gs-width=\"1\"\n                     data-gs-height=\"57\"\n                     data-skin=\"thumbnail-icon-title-cat\"\n\n                     data-desktop-gs-x=\"1\"\n                     data-desktop-gs-y=\"0\"\n                     data-desktop-gs-width=\"1\"\n                     data-desktop-gs-height=\"57\"\n                     data-desktop-skin=\"thumbnail-icon-title-cat\"\n\n                     data-image-width=\"250\"\n                     data-image-height=\"235\"\n                >\n                    <div class=\"grid-post-item thumbnail thumbnail-icon\" data-thumbnail-only=\"1\">\n    <div class=\"thumbnail-image\" data-img=\"https:\/\/cnrm.uniri.hr\/upload\/2023\/03\/eurocc2-250x235.png\">\n                    <img src=\"https:\/\/cnrm.uniri.hr\/upload\/2023\/03\/eurocc2-250x235.png\" alt=\"Nacionalni centri kompetencija u okviru EuroHPC Faza 2\" >\n                <div class=\"hover-outer transition-30\">\n                            <a href=\"https:\/\/cnrm.uniri.hr\/hr\/national-competence-centres-in-the-framework-of-eurohpc-phase-2\/\" title=\"Nacionalni centri kompetencija u okviru EuroHPC Faza 2\"><\/a>\n                        <div class=\"hover-inner transition-50\">\n                <div class=\"icon-groups\">\n                                            <a href=\"https:\/\/cnrm.uniri.hr\/hr\/national-competence-centres-in-the-framework-of-eurohpc-phase-2\/\" class=\"view-detail\" ><i class=\"fa fa-link\"><\/i><\/a>\n                                        <a href=\"javascript:;\" class=\"view-gallery\" data-src=\"https:\/\/cnrm.uniri.hr\/upload\/2023\/03\/eurocc2.png\" data-post-id=\"8820\" title=\"Nacionalni centri kompetencija u okviru EuroHPC Faza 2\"\n                       data-ajax-url=\"https:\/\/cnrm.uniri.hr\/wp-admin\/admin-ajax.php?_wpnonce=78f9b946c8\"><i class=\"fa fa-search\"><\/i><\/a>\n                <\/div>\n                                    <div class=\"title\">\n                                                    <a href=\"https:\/\/cnrm.uniri.hr\/hr\/national-competence-centres-in-the-framework-of-eurohpc-phase-2\/\" title=\"Nacionalni centri kompetencija u okviru EuroHPC Faza 2\">Nacionalni centri kompetencija u okviru EuroHPC Faza 2<\/a>\n                                            <\/div>\n                                                    <div class=\"categories\">Projekti<\/div>\n                            <\/div>\n        <\/div>\n    <\/div>\n<\/div>\n                <\/div>\n                                <div class=\"item\" data-gs-x=\"2\"\n                     data-gs-y=\"0\"\n                     data-gs-width=\"1\"\n                     data-gs-height=\"57\"\n                     data-skin=\"thumbnail-icon-title-cat\"\n\n                     data-desktop-gs-x=\"2\"\n                     data-desktop-gs-y=\"0\"\n                     data-desktop-gs-width=\"1\"\n                     data-desktop-gs-height=\"57\"\n                     data-desktop-skin=\"thumbnail-icon-title-cat\"\n\n                     data-image-width=\"450\"\n                     data-image-height=\"281\"\n                >\n                    <div class=\"grid-post-item thumbnail thumbnail-icon\" data-thumbnail-only=\"1\">\n    <div class=\"thumbnail-image\" data-img=\"https:\/\/cnrm.uniri.hr\/upload\/2022\/12\/inova-450x281.jpg\">\n                    <img src=\"https:\/\/cnrm.uniri.hr\/upload\/2022\/12\/inova-450x281.jpg\" alt=\"Lokalizacija gubitaka vode u vodoopskrbnim cjevovodima koriste\u0107i algoritme umjetne inteligencije\" >\n                <div class=\"hover-outer transition-30\">\n                            <a href=\"https:\/\/cnrm.uniri.hr\/hr\/localization-of-water-losses-in-water-supply-pipelines-using-artificial-intelligence-algorithms\/\" title=\"Lokalizacija gubitaka vode u vodoopskrbnim cjevovodima koriste\u0107i algoritme umjetne inteligencije\"><\/a>\n                        <div class=\"hover-inner transition-50\">\n                <div class=\"icon-groups\">\n                                            <a href=\"https:\/\/cnrm.uniri.hr\/hr\/localization-of-water-losses-in-water-supply-pipelines-using-artificial-intelligence-algorithms\/\" class=\"view-detail\" ><i class=\"fa fa-link\"><\/i><\/a>\n                                        <a href=\"javascript:;\" class=\"view-gallery\" data-src=\"https:\/\/cnrm.uniri.hr\/upload\/2022\/12\/inova.jpg\" data-post-id=\"7759\" title=\"Lokalizacija gubitaka vode u vodoopskrbnim cjevovodima koriste\u0107i algoritme umjetne inteligencije\"\n                       data-ajax-url=\"https:\/\/cnrm.uniri.hr\/wp-admin\/admin-ajax.php?_wpnonce=78f9b946c8\"><i class=\"fa fa-search\"><\/i><\/a>\n                <\/div>\n                                    <div class=\"title\">\n                                                    <a href=\"https:\/\/cnrm.uniri.hr\/hr\/localization-of-water-losses-in-water-supply-pipelines-using-artificial-intelligence-algorithms\/\" title=\"Lokalizacija gubitaka vode u vodoopskrbnim cjevovodima koriste\u0107i algoritme umjetne inteligencije\">Lokalizacija gubitaka vode u vodoopskrbnim cjevovodima koriste\u0107i algoritme umjetne inteligencije<\/a>\n                                            <\/div>\n                                                    <div class=\"categories\">Projekti<\/div>\n                            <\/div>\n        <\/div>\n    <\/div>\n<\/div>\n                <\/div>\n                                <div class=\"item\" data-gs-x=\"3\"\n                     data-gs-y=\"0\"\n                     data-gs-width=\"1\"\n                     data-gs-height=\"57\"\n                     data-skin=\"thumbnail-icon-title-cat\"\n\n                     data-desktop-gs-x=\"3\"\n                     data-desktop-gs-y=\"0\"\n                     data-desktop-gs-width=\"1\"\n                     data-desktop-gs-height=\"57\"\n                     data-desktop-skin=\"thumbnail-icon-title-cat\"\n\n                     data-image-width=\"450\"\n                     data-image-height=\"281\"\n                >\n                    <div class=\"grid-post-item thumbnail thumbnail-icon\" data-thumbnail-only=\"1\">\n    <div class=\"thumbnail-image\" data-img=\"https:\/\/cnrm.uniri.hr\/upload\/2022\/12\/inova-450x281.jpg\">\n                    <img src=\"https:\/\/cnrm.uniri.hr\/upload\/2022\/12\/inova-450x281.jpg\" alt=\"Uspostava okvira za primjenu reverznog in\u017eenjerstva i digitalnog blizanca za optimizaciju hidrokrila za jedrenje na dasci\" >\n                <div class=\"hover-outer transition-30\">\n                            <a href=\"https:\/\/cnrm.uniri.hr\/hr\/development-of-a-framework-for-reverse-engineering-and-creation-of-a-digital-twin-for-windsurfing-hydrofoil-optimization\/\" title=\"Uspostava okvira za primjenu reverznog in\u017eenjerstva i digitalnog blizanca za optimizaciju hidrokrila za jedrenje na dasci\"><\/a>\n                        <div class=\"hover-inner transition-50\">\n                <div class=\"icon-groups\">\n                                            <a href=\"https:\/\/cnrm.uniri.hr\/hr\/development-of-a-framework-for-reverse-engineering-and-creation-of-a-digital-twin-for-windsurfing-hydrofoil-optimization\/\" class=\"view-detail\" ><i class=\"fa fa-link\"><\/i><\/a>\n                                        <a href=\"javascript:;\" class=\"view-gallery\" data-src=\"https:\/\/cnrm.uniri.hr\/upload\/2022\/12\/inova.jpg\" data-post-id=\"7756\" title=\"Uspostava okvira za primjenu reverznog in\u017eenjerstva i digitalnog blizanca za optimizaciju hidrokrila za jedrenje na dasci\"\n                       data-ajax-url=\"https:\/\/cnrm.uniri.hr\/wp-admin\/admin-ajax.php?_wpnonce=78f9b946c8\"><i class=\"fa fa-search\"><\/i><\/a>\n                <\/div>\n                                    <div class=\"title\">\n                                                    <a href=\"https:\/\/cnrm.uniri.hr\/hr\/development-of-a-framework-for-reverse-engineering-and-creation-of-a-digital-twin-for-windsurfing-hydrofoil-optimization\/\" title=\"Uspostava okvira za primjenu reverznog in\u017eenjerstva i digitalnog blizanca za optimizaciju hidrokrila za jedrenje na dasci\">Uspostava okvira za primjenu reverznog in\u017eenjerstva i digitalnog blizanca za optimizaciju hidrokrila za jedrenje na dasci<\/a>\n                                            <\/div>\n                                                    <div class=\"categories\">Projekti<\/div>\n                            <\/div>\n        <\/div>\n    <\/div>\n<\/div>\n                <\/div>\n                                <div class=\"item\" data-gs-x=\"0\"\n                     data-gs-y=\"57\"\n                     data-gs-width=\"1\"\n                     data-gs-height=\"57\"\n                     data-skin=\"thumbnail-icon-title-cat\"\n\n                     data-desktop-gs-x=\"0\"\n                     data-desktop-gs-y=\"57\"\n                     data-desktop-gs-width=\"1\"\n                     data-desktop-gs-height=\"57\"\n                     data-desktop-skin=\"thumbnail-icon-title-cat\"\n\n                     data-image-width=\"1800\"\n                     data-image-height=\"1800\"\n                >\n                    <div class=\"grid-post-item thumbnail thumbnail-icon\" data-thumbnail-only=\"1\">\n    <div class=\"thumbnail-image\" data-img=\"https:\/\/cnrm.uniri.hr\/upload\/2022\/12\/eurocc-logo-1-800x900.png\">\n                    <img src=\"https:\/\/cnrm.uniri.hr\/upload\/2022\/12\/eurocc-logo-1-800x900.png\" alt=\"Nacionalni centri kompetencija u okviru EuroHPC\" >\n                <div class=\"hover-outer transition-30\">\n                            <a href=\"https:\/\/cnrm.uniri.hr\/hr\/national-competence-centres-in-the-framework-of-eurohpc\/\" title=\"Nacionalni centri kompetencija u okviru EuroHPC\"><\/a>\n                        <div class=\"hover-inner transition-50\">\n                <div class=\"icon-groups\">\n                                            <a href=\"https:\/\/cnrm.uniri.hr\/hr\/national-competence-centres-in-the-framework-of-eurohpc\/\" class=\"view-detail\" ><i class=\"fa fa-link\"><\/i><\/a>\n                                        <a href=\"javascript:;\" class=\"view-gallery\" data-src=\"https:\/\/cnrm.uniri.hr\/upload\/2022\/12\/eurocc-logo-1.png\" data-post-id=\"7735\" title=\"Nacionalni centri kompetencija u okviru EuroHPC\"\n                       data-ajax-url=\"https:\/\/cnrm.uniri.hr\/wp-admin\/admin-ajax.php?_wpnonce=78f9b946c8\"><i class=\"fa fa-search\"><\/i><\/a>\n                <\/div>\n                                    <div class=\"title\">\n                                                    <a href=\"https:\/\/cnrm.uniri.hr\/hr\/national-competence-centres-in-the-framework-of-eurohpc\/\" title=\"Nacionalni centri kompetencija u okviru EuroHPC\">Nacionalni centri kompetencija u okviru EuroHPC<\/a>\n                                            <\/div>\n                                                    <div class=\"categories\">Projekti<\/div>\n                            <\/div>\n        <\/div>\n    <\/div>\n<\/div>\n                <\/div>\n                                <div class=\"item\" data-gs-x=\"1\"\n                     data-gs-y=\"57\"\n                     data-gs-width=\"1\"\n                     data-gs-height=\"57\"\n                     data-skin=\"thumbnail-icon-title-cat\"\n\n                     data-desktop-gs-x=\"1\"\n                     data-desktop-gs-y=\"57\"\n                     data-desktop-gs-width=\"1\"\n                     data-desktop-gs-height=\"57\"\n                     data-desktop-skin=\"thumbnail-icon-title-cat\"\n\n                     data-image-width=\"1647\"\n                     data-image-height=\"1006\"\n                >\n                    <div class=\"grid-post-item thumbnail thumbnail-icon\" data-thumbnail-only=\"1\">\n    <div class=\"thumbnail-image\" data-img=\"https:\/\/cnrm.uniri.hr\/upload\/2022\/12\/hipowered-logo-2-800x503.png\">\n                    <img src=\"https:\/\/cnrm.uniri.hr\/upload\/2022\/12\/hipowered-logo-2-800x503.png\" alt=\"Digital Empowering Trough HPC Education\" >\n                <div class=\"hover-outer transition-30\">\n                            <a href=\"https:\/\/cnrm.uniri.hr\/hr\/digital-empowering-trough-hpc-education\/\" title=\"Digital Empowering Trough HPC Education\"><\/a>\n                        <div class=\"hover-inner transition-50\">\n                <div class=\"icon-groups\">\n                                            <a href=\"https:\/\/cnrm.uniri.hr\/hr\/digital-empowering-trough-hpc-education\/\" class=\"view-detail\" ><i class=\"fa fa-link\"><\/i><\/a>\n                                        <a href=\"javascript:;\" class=\"view-gallery\" data-src=\"https:\/\/cnrm.uniri.hr\/upload\/2022\/12\/hipowered-logo-2.png\" data-post-id=\"7730\" title=\"Digital Empowering Trough HPC Education\"\n                       data-ajax-url=\"https:\/\/cnrm.uniri.hr\/wp-admin\/admin-ajax.php?_wpnonce=78f9b946c8\"><i class=\"fa fa-search\"><\/i><\/a>\n                <\/div>\n                                    <div class=\"title\">\n                                                    <a href=\"https:\/\/cnrm.uniri.hr\/hr\/digital-empowering-trough-hpc-education\/\" title=\"Digital Empowering Trough HPC Education\">Digital Empowering Trough HPC Education<\/a>\n                                            <\/div>\n                                                    <div class=\"categories\">Projekti<\/div>\n                            <\/div>\n        <\/div>\n    <\/div>\n<\/div>\n                <\/div>\n                                <div class=\"item\" data-gs-x=\"2\"\n                     data-gs-y=\"57\"\n                     data-gs-width=\"1\"\n                     data-gs-height=\"57\"\n                     data-skin=\"thumbnail-icon-title-cat\"\n\n                     data-desktop-gs-x=\"2\"\n                     data-desktop-gs-y=\"57\"\n                     data-desktop-gs-width=\"1\"\n                     data-desktop-gs-height=\"57\"\n                     data-desktop-skin=\"thumbnail-icon-title-cat\"\n\n                     data-image-width=\"973\"\n                     data-image-height=\"621\"\n                >\n                    <div class=\"grid-post-item thumbnail thumbnail-icon\" data-thumbnail-only=\"1\">\n    <div class=\"thumbnail-image\" data-img=\"https:\/\/cnrm.uniri.hr\/upload\/2022\/12\/aoser-logo-1-800x621.png\">\n                    <img src=\"https:\/\/cnrm.uniri.hr\/upload\/2022\/12\/aoser-logo-1-800x621.png\" alt=\"Autonomni sustav bespilotnih letjelica za tra\u017eenje i spa\u0161avanje na moru\" >\n                <div class=\"hover-outer transition-30\">\n                            <a href=\"https:\/\/cnrm.uniri.hr\/hr\/autonomous-uav-system-for-oceanic-search-and-rescue\/\" title=\"Autonomni sustav bespilotnih letjelica za tra\u017eenje i spa\u0161avanje na moru\"><\/a>\n                        <div class=\"hover-inner transition-50\">\n                <div class=\"icon-groups\">\n                                            <a href=\"https:\/\/cnrm.uniri.hr\/hr\/autonomous-uav-system-for-oceanic-search-and-rescue\/\" class=\"view-detail\" ><i class=\"fa fa-link\"><\/i><\/a>\n                                        <a href=\"javascript:;\" class=\"view-gallery\" data-src=\"https:\/\/cnrm.uniri.hr\/upload\/2022\/12\/aoser-logo-1.png\" data-post-id=\"7725\" title=\"Autonomni sustav bespilotnih letjelica za tra\u017eenje i spa\u0161avanje na moru\"\n                       data-ajax-url=\"https:\/\/cnrm.uniri.hr\/wp-admin\/admin-ajax.php?_wpnonce=78f9b946c8\"><i class=\"fa fa-search\"><\/i><\/a>\n                <\/div>\n                                    <div class=\"title\">\n                                                    <a href=\"https:\/\/cnrm.uniri.hr\/hr\/autonomous-uav-system-for-oceanic-search-and-rescue\/\" title=\"Autonomni sustav bespilotnih letjelica za tra\u017eenje i spa\u0161avanje na moru\">Autonomni sustav bespilotnih letjelica za tra\u017eenje i spa\u0161avanje na moru<\/a>\n                                            <\/div>\n                                                    <div class=\"categories\">Projekti<\/div>\n                            <\/div>\n        <\/div>\n    <\/div>\n<\/div>\n                <\/div>\n                                <div class=\"item\" data-gs-x=\"3\"\n                     data-gs-y=\"57\"\n                     data-gs-width=\"1\"\n                     data-gs-height=\"57\"\n                     data-skin=\"thumbnail-icon-title-cat\"\n\n                     data-desktop-gs-x=\"3\"\n                     data-desktop-gs-y=\"57\"\n                     data-desktop-gs-width=\"1\"\n                     data-desktop-gs-height=\"57\"\n                     data-desktop-skin=\"thumbnail-icon-title-cat\"\n\n                     data-image-width=\"450\"\n                     data-image-height=\"450\"\n                >\n                    <div class=\"grid-post-item thumbnail thumbnail-icon\" data-thumbnail-only=\"1\">\n    <div class=\"thumbnail-image\" data-img=\"https:\/\/cnrm.uniri.hr\/upload\/2021\/07\/klimod-logo-2-450x450.png\">\n                    <img src=\"https:\/\/cnrm.uniri.hr\/upload\/2021\/07\/klimod-logo-2-450x450.png\" alt=\"Ra\u010dunalni model strujanja, poplavljivanja i \u0161irenja one\u010di\u0161\u0107enja u rijekama i obalnim morskim podru\u010djima\" >\n                <div class=\"hover-outer transition-30\">\n                            <a href=\"https:\/\/cnrm.uniri.hr\/hr\/computational-models-of-flow-flooding-and-pollution-dispersion-in-rivers-and-coastal-waters\/\" title=\"Ra\u010dunalni model strujanja, poplavljivanja i \u0161irenja one\u010di\u0161\u0107enja u rijekama i obalnim morskim podru\u010djima\"><\/a>\n                        <div class=\"hover-inner transition-50\">\n                <div class=\"icon-groups\">\n                                            <a href=\"https:\/\/cnrm.uniri.hr\/hr\/computational-models-of-flow-flooding-and-pollution-dispersion-in-rivers-and-coastal-waters\/\" class=\"view-detail\" ><i class=\"fa fa-link\"><\/i><\/a>\n                                        <a href=\"javascript:;\" class=\"view-gallery\" data-src=\"https:\/\/cnrm.uniri.hr\/upload\/2021\/07\/klimod-logo-2.png\" data-post-id=\"7719\" title=\"Ra\u010dunalni model strujanja, poplavljivanja i \u0161irenja one\u010di\u0161\u0107enja u rijekama i obalnim morskim podru\u010djima\"\n                       data-ajax-url=\"https:\/\/cnrm.uniri.hr\/wp-admin\/admin-ajax.php?_wpnonce=78f9b946c8\"><i class=\"fa fa-search\"><\/i><\/a>\n                <\/div>\n                                    <div class=\"title\">\n                                                    <a href=\"https:\/\/cnrm.uniri.hr\/hr\/computational-models-of-flow-flooding-and-pollution-dispersion-in-rivers-and-coastal-waters\/\" title=\"Ra\u010dunalni model strujanja, poplavljivanja i \u0161irenja one\u010di\u0161\u0107enja u rijekama i obalnim morskim podru\u010djima\">Ra\u010dunalni model strujanja, poplavljivanja i \u0161irenja one\u010di\u0161\u0107enja u rijekama i obalnim morskim podru\u010djima<\/a>\n                                            <\/div>\n                                                    <div class=\"categories\">Projekti<\/div>\n                            <\/div>\n        <\/div>\n    <\/div>\n<\/div>\n                <\/div>\n                        <\/div>\n\n            <\/div>\n<\/div>\n\n","protected":false},"excerpt":{"rendered":"","protected":false},"author":17,"featured_media":0,"parent":0,"menu_order":0,"comment_status":"closed","ping_status":"closed","template":"templates\/builder.php","meta":{"_links_to":"","_links_to_target":""},"categories":[],"tags":[],"_links":{"self":[{"href":"https:\/\/cnrm.uniri.hr\/hr\/wp-json\/wp\/v2\/pages\/7715"}],"collection":[{"href":"https:\/\/cnrm.uniri.hr\/hr\/wp-json\/wp\/v2\/pages"}],"about":[{"href":"https:\/\/cnrm.uniri.hr\/hr\/wp-json\/wp\/v2\/types\/page"}],"author":[{"embeddable":true,"href":"https:\/\/cnrm.uniri.hr\/hr\/wp-json\/wp\/v2\/users\/17"}],"replies":[{"embeddable":true,"href":"https:\/\/cnrm.uniri.hr\/hr\/wp-json\/wp\/v2\/comments?post=7715"}],"version-history":[{"count":2,"href":"https:\/\/cnrm.uniri.hr\/hr\/wp-json\/wp\/v2\/pages\/7715\/revisions"}],"predecessor-version":[{"id":7717,"href":"https:\/\/cnrm.uniri.hr\/hr\/wp-json\/wp\/v2\/pages\/7715\/revisions\/7717"}],"wp:attachment":[{"href":"https:\/\/cnrm.uniri.hr\/hr\/wp-json\/wp\/v2\/media?parent=7715"}],"wp:term":[{"taxonomy":"category","embeddable":true,"href":"https:\/\/cnrm.uniri.hr\/hr\/wp-json\/wp\/v2\/categories?post=7715"},{"taxonomy":"post_tag","embeddable":true,"href":"https:\/\/cnrm.uniri.hr\/hr\/wp-json\/wp\/v2\/tags?post=7715"}],"curies":[{"name":"wp","href":"https:\/\/api.w.org\/{rel}","templated":true}]}}