{"id":7730,"date":"2022-12-20T18:01:05","date_gmt":"2022-12-20T17:01:05","guid":{"rendered":"https:\/\/cnrm.uniri.hr\/?page_id=7730"},"modified":"2022-12-20T18:25:48","modified_gmt":"2022-12-20T17:25:48","slug":"digital-empowering-trough-hpc-education","status":"publish","type":"page","link":"https:\/\/cnrm.uniri.hr\/hr\/digital-empowering-trough-hpc-education\/","title":{"rendered":"Digital Empowering Trough HPC Education"},"content":{"rendered":"<p><\/p>\n<style>\nul {list-style-position: outside;text-align: justify;}\n.c1 {\nfloat: left;\nwidth: 15%;\n}\n.c2 {\nfloat: left;\nwidth: 10%;\n}\n.c3 {\nfloat: left;\nwidth: 70%;\n}\n.row:after {\ncontent: \"\";\ndisplay: table;\nclear: both;\n}\n<\/style>\n<div class=\"row\">\n<div class=\"c1\">\n <strong>Akronim:<\/strong><br \/>\n <strong>Trajanje projekta:<\/strong><br \/>\n <strong>Voditelj projekta:<\/strong><br \/>\n <strong>Bud\u017eet:<\/strong><br \/>\n <strong>Izvor financiranja:<\/strong>\n<\/div>\n<div class=\"c3\">\n HiPowerEd<br \/>\n 2020 &#8211; 2022<br \/>\n Lado Kranj\u010devi\u0107<br \/>\n 631.688,23 HRK<br \/>\n EU\n<\/div>\n<\/div>\n<p>&nbsp;<\/p>\n<p style=\"text-align: justify;\"><strong>Opis:<\/strong> Cilj HiPowerEd-a je u\u010diniti dostupnim digitalne alate najvi\u0161e ra\u010dunalne razine mladima (mladim znanstvenicima \u2013 asistentima i doktorandima, studentima diplomskih i preddiplomskih studija te mladim stru\u010dnjacima iz industrije) uz kori\u0161tenje okru\u017eenja ra\u010dunalstva visokih performansi (HPC). i tehnologiju oblaka kako bi se osigurala osjetljivost, prilagodljivost i fleksibilnost obrazovnog sustava tijekom procesa oporavka od COVID-19. Cilj je u\u010diniti HPC tehnologiju \u0161iroko dostupnom mla\u0111oj populaciji i podzastupljenim skupinama jer je HPC tehnologija trenutno izrazito ekskluzivna tehnologija dostupna manjoj skupini ljudi. Kako bi se podigla europska digitalna spremnost, ove horizontalne visokotehnolo\u0161ke alate treba promicati i u\u010diniti dostupnima studentima, mladim znanstvenicima i stru\u010dnjacima. Projekt nastoji ukloniti prepreke i upoznati mlade s HPC tehnologijom u \u0161irokom spektru znanstvenih disciplina (STEM, humanisti\u010dkih, medicinskih, ekonomskih&#8230;), katalizirati stvaranje mre\u017ea, osigurati mentorstvo kroz nastavno osoblje i stru\u010dnjake za superra\u010dunala iz renomiranih HPC centara, te olak\u0161ati me\u0111unarodnu razmjenu i otvoriti daljnje mogu\u0107nosti prijenosa znanja.<br \/>\n&nbsp;<\/p>\n<div class=\"row\">\n<div class=\"c2\">\n <strong>Partneri:<\/strong>\n<\/div>\n<div class=\"c3\">\nTehni\u010dki fakultet, Sveu\u010dili\u0161te u Rijeci<br \/>\nTehni\u010dko sveu\u010dili\u0161te u Danskoj<br \/>\nTehni\u010dko sveu\u010dili\u0161te u M\u00fcnchenu<br \/>\nSveu\u010dili\u0161te u Rijeci<br \/>\nSveu\u010dili\u0161te u Trstu<br \/>\nVisoko u\u010dili\u0161te Algebra\n<\/div>\n<\/div>\n<p><\/p>","protected":false},"excerpt":{"rendered":"<p>Akronim: Trajanje projekta: Voditelj projekta: Bud\u017eet: Izvor financiranja: HiPowerEd 2020 &#8211; 2022 Lado Kranj\u010devi\u0107 631.688,23 HRK EU &nbsp; Opis: Cilj HiPowerEd-a je u\u010diniti dostupnim digitalne alate najvi\u0161e ra\u010dunalne razine mladima (mladim znanstvenicima \u2013 asistentima i doktorandima, studentima diplomskih i preddiplomskih&hellip;&nbsp;<a href=\"https:\/\/cnrm.uniri.hr\/hr\/digital-empowering-trough-hpc-education\/\" class=\"more-link\">Read More<\/a><\/p>\n","protected":false},"author":17,"featured_media":7734,"parent":0,"menu_order":0,"comment_status":"closed","ping_status":"closed","template":"templates\/builder.php","meta":{"_links_to":"","_links_to_target":""},"categories":[35],"tags":[],"_links":{"self":[{"href":"https:\/\/cnrm.uniri.hr\/hr\/wp-json\/wp\/v2\/pages\/7730"}],"collection":[{"href":"https:\/\/cnrm.uniri.hr\/hr\/wp-json\/wp\/v2\/pages"}],"about":[{"href":"https:\/\/cnrm.uniri.hr\/hr\/wp-json\/wp\/v2\/types\/page"}],"author":[{"embeddable":true,"href":"https:\/\/cnrm.uniri.hr\/hr\/wp-json\/wp\/v2\/users\/17"}],"replies":[{"embeddable":true,"href":"https:\/\/cnrm.uniri.hr\/hr\/wp-json\/wp\/v2\/comments?post=7730"}],"version-history":[{"count":2,"href":"https:\/\/cnrm.uniri.hr\/hr\/wp-json\/wp\/v2\/pages\/7730\/revisions"}],"predecessor-version":[{"id":7741,"href":"https:\/\/cnrm.uniri.hr\/hr\/wp-json\/wp\/v2\/pages\/7730\/revisions\/7741"}],"wp:featuredmedia":[{"embeddable":true,"href":"https:\/\/cnrm.uniri.hr\/hr\/wp-json\/wp\/v2\/media\/7734"}],"wp:attachment":[{"href":"https:\/\/cnrm.uniri.hr\/hr\/wp-json\/wp\/v2\/media?parent=7730"}],"wp:term":[{"taxonomy":"category","embeddable":true,"href":"https:\/\/cnrm.uniri.hr\/hr\/wp-json\/wp\/v2\/categories?post=7730"},{"taxonomy":"post_tag","embeddable":true,"href":"https:\/\/cnrm.uniri.hr\/hr\/wp-json\/wp\/v2\/tags?post=7730"}],"curies":[{"name":"wp","href":"https:\/\/api.w.org\/{rel}","templated":true}]}}