{"id":7756,"date":"2022-12-21T10:19:32","date_gmt":"2022-12-21T09:19:32","guid":{"rendered":"https:\/\/cnrm.uniri.hr\/?page_id=7756"},"modified":"2022-12-21T10:19:32","modified_gmt":"2022-12-21T09:19:32","slug":"development-of-a-framework-for-reverse-engineering-and-creation-of-a-digital-twin-for-windsurfing-hydrofoil-optimization","status":"publish","type":"page","link":"https:\/\/cnrm.uniri.hr\/hr\/development-of-a-framework-for-reverse-engineering-and-creation-of-a-digital-twin-for-windsurfing-hydrofoil-optimization\/","title":{"rendered":"Uspostava okvira za primjenu reverznog in\u017eenjerstva i digitalnog blizanca za optimizaciju hidrokrila za jedrenje na dasci"},"content":{"rendered":"<p><\/p>\n<style>\nul {list-style-position: outside;text-align: justify;}\n.c1 {\nfloat: left;\nwidth: 15%;\n}\n.c2 {\nfloat: left;\nwidth: 10%;\n}\n.c3 {\nfloat: left;\nwidth: 70%;\n}\n.row:after {\ncontent: \"\";\ndisplay: table;\nclear: both;\n}\n<\/style>\n<div class=\"row\">\n<div class=\"c1\">\n <strong>Trajanje projekta:<\/strong><br \/>\n <strong>Voditelj projekta:<\/strong><br \/>\n <strong>Bud\u017eet:<\/strong><br \/>\n <strong>Izvor financiranja:<\/strong>\n<\/div>\n<div class=\"c3\">\n 2022 &#8211; 2023<br \/>\n Tin Matulja<br \/>\n 50.000,00 HRK<br \/>\n Sveu\u010dili\u0161te u Rijeci\n<\/div>\n<\/div>\n<p>&nbsp;<\/p>\n<p style=\"text-align: justify;\"><strong>Opis:<\/strong> U okviru projekta formirati \u0107e se metodologija temeljena na reverznom in\u017eenjerstvu i digitalnom blizancu za optimizaciju projektiranja i izrade hidrokrila na specijalnim plovnim objektima.<br \/>\n&nbsp;<\/p>\n<div class=\"row\">\n<div class=\"c2\">\n <strong>Partneri:<\/strong>\n<\/div>\n<div class=\"c3\">\nTehni\u010dki fakultet, Sveu\u010dili\u0161te u Rijeci<br \/>\nOdjel za matematiku, Sveu\u010dili\u0161te u Rijeci<br \/>\nALVENTA<br \/>\nBEX<br \/>\nELCON GERAETEBAU<br \/>\nIIT<br \/>\nMarotti windsurfing\n<\/div>\n<\/div>\n<p><\/p>","protected":false},"excerpt":{"rendered":"<p>Trajanje projekta: Voditelj projekta: Bud\u017eet: Izvor financiranja: 2022 &#8211; 2023 Tin Matulja 50.000,00 HRK Sveu\u010dili\u0161te u Rijeci &nbsp; Opis: U okviru projekta formirati \u0107e se metodologija temeljena na reverznom in\u017eenjerstvu i digitalnom blizancu za optimizaciju projektiranja i izrade hidrokrila na&hellip;&nbsp;<a href=\"https:\/\/cnrm.uniri.hr\/hr\/development-of-a-framework-for-reverse-engineering-and-creation-of-a-digital-twin-for-windsurfing-hydrofoil-optimization\/\" class=\"more-link\">Read More<\/a><\/p>\n","protected":false},"author":17,"featured_media":7757,"parent":0,"menu_order":0,"comment_status":"closed","ping_status":"closed","template":"templates\/builder.php","meta":{"_links_to":"","_links_to_target":""},"categories":[35],"tags":[],"_links":{"self":[{"href":"https:\/\/cnrm.uniri.hr\/hr\/wp-json\/wp\/v2\/pages\/7756"}],"collection":[{"href":"https:\/\/cnrm.uniri.hr\/hr\/wp-json\/wp\/v2\/pages"}],"about":[{"href":"https:\/\/cnrm.uniri.hr\/hr\/wp-json\/wp\/v2\/types\/page"}],"author":[{"embeddable":true,"href":"https:\/\/cnrm.uniri.hr\/hr\/wp-json\/wp\/v2\/users\/17"}],"replies":[{"embeddable":true,"href":"https:\/\/cnrm.uniri.hr\/hr\/wp-json\/wp\/v2\/comments?post=7756"}],"version-history":[{"count":1,"href":"https:\/\/cnrm.uniri.hr\/hr\/wp-json\/wp\/v2\/pages\/7756\/revisions"}],"predecessor-version":[{"id":7758,"href":"https:\/\/cnrm.uniri.hr\/hr\/wp-json\/wp\/v2\/pages\/7756\/revisions\/7758"}],"wp:featuredmedia":[{"embeddable":true,"href":"https:\/\/cnrm.uniri.hr\/hr\/wp-json\/wp\/v2\/media\/7757"}],"wp:attachment":[{"href":"https:\/\/cnrm.uniri.hr\/hr\/wp-json\/wp\/v2\/media?parent=7756"}],"wp:term":[{"taxonomy":"category","embeddable":true,"href":"https:\/\/cnrm.uniri.hr\/hr\/wp-json\/wp\/v2\/categories?post=7756"},{"taxonomy":"post_tag","embeddable":true,"href":"https:\/\/cnrm.uniri.hr\/hr\/wp-json\/wp\/v2\/tags?post=7756"}],"curies":[{"name":"wp","href":"https:\/\/api.w.org\/{rel}","templated":true}]}}