{"id":7759,"date":"2022-12-21T10:24:41","date_gmt":"2022-12-21T09:24:41","guid":{"rendered":"https:\/\/cnrm.uniri.hr\/?page_id=7759"},"modified":"2022-12-21T10:24:41","modified_gmt":"2022-12-21T09:24:41","slug":"localization-of-water-losses-in-water-supply-pipelines-using-artificial-intelligence-algorithms","status":"publish","type":"page","link":"https:\/\/cnrm.uniri.hr\/hr\/localization-of-water-losses-in-water-supply-pipelines-using-artificial-intelligence-algorithms\/","title":{"rendered":"Lokalizacija gubitaka vode u vodoopskrbnim cjevovodima koriste\u0107i algoritme umjetne inteligencije"},"content":{"rendered":"<p><\/p>\n<style>\nul {list-style-position: outside;text-align: justify;}\n.c1 {\nfloat: left;\nwidth: 15%;\n}\n.c2 {\nfloat: left;\nwidth: 10%;\n}\n.c3 {\nfloat: left;\nwidth: 70%;\n}\n.row:after {\ncontent: \"\";\ndisplay: table;\nclear: both;\n}\n<\/style>\n<div class=\"row\">\n<div class=\"c1\">\n <strong>Trajanje projekta:<\/strong><br \/>\n <strong>Voditelj projekta:<\/strong><br \/>\n <strong>Bud\u017eet:<\/strong><br \/>\n <strong>Izvor financiranja:<\/strong>\n<\/div>\n<div class=\"c3\">\n 2022 &#8211; 2023<br \/>\n Lado Kranj\u010devi\u0107<br \/>\n 50.000,00 HRK<br \/>\n Sveu\u010dili\u0161te u Rijeci\n<\/div>\n<\/div>\n<p>&nbsp;<\/p>\n<p style=\"text-align: justify;\"><strong>Opis:<\/strong> Unutar ovog projekta predla\u017eemo istra\u017eivanje metodologije koja je bazirana na podatkovnoj znanosti za otkrivanje i lokalizaciju curenja koja se temelji na umjetnoj inteligenciji, to\u010dnije, na hibridu strojnog u\u010denja i optimizacijskih algoritama.<br \/>\n&nbsp;<\/p>\n<div class=\"row\">\n<div class=\"c2\">\n <strong>Partneri:<\/strong>\n<\/div>\n<div class=\"c3\">\nGra\u0111evinski fakultet, Sveu\u010dili\u0161te u Rijeci<br \/>\nMedicinski fakultet, Sveu\u010dili\u0161te u Rijeci<br \/>\nTehni\u010dki fakultet, Sveu\u010dili\u0161te u Rijeci<br \/>\nKomunalno dru\u0161tvo Vodovod i kanalizacija\n<\/div>\n<\/div>\n<p><\/p>","protected":false},"excerpt":{"rendered":"<p>Trajanje projekta: Voditelj projekta: Bud\u017eet: Izvor financiranja: 2022 &#8211; 2023 Lado Kranj\u010devi\u0107 50.000,00 HRK Sveu\u010dili\u0161te u Rijeci &nbsp; Opis: Unutar ovog projekta predla\u017eemo istra\u017eivanje metodologije koja je bazirana na podatkovnoj znanosti za otkrivanje i lokalizaciju curenja koja se temelji na&hellip;&nbsp;<a href=\"https:\/\/cnrm.uniri.hr\/hr\/localization-of-water-losses-in-water-supply-pipelines-using-artificial-intelligence-algorithms\/\" class=\"more-link\">Read More<\/a><\/p>\n","protected":false},"author":17,"featured_media":7757,"parent":0,"menu_order":0,"comment_status":"closed","ping_status":"closed","template":"templates\/builder.php","meta":{"_links_to":"","_links_to_target":""},"categories":[35],"tags":[],"_links":{"self":[{"href":"https:\/\/cnrm.uniri.hr\/hr\/wp-json\/wp\/v2\/pages\/7759"}],"collection":[{"href":"https:\/\/cnrm.uniri.hr\/hr\/wp-json\/wp\/v2\/pages"}],"about":[{"href":"https:\/\/cnrm.uniri.hr\/hr\/wp-json\/wp\/v2\/types\/page"}],"author":[{"embeddable":true,"href":"https:\/\/cnrm.uniri.hr\/hr\/wp-json\/wp\/v2\/users\/17"}],"replies":[{"embeddable":true,"href":"https:\/\/cnrm.uniri.hr\/hr\/wp-json\/wp\/v2\/comments?post=7759"}],"version-history":[{"count":1,"href":"https:\/\/cnrm.uniri.hr\/hr\/wp-json\/wp\/v2\/pages\/7759\/revisions"}],"predecessor-version":[{"id":7760,"href":"https:\/\/cnrm.uniri.hr\/hr\/wp-json\/wp\/v2\/pages\/7759\/revisions\/7760"}],"wp:featuredmedia":[{"embeddable":true,"href":"https:\/\/cnrm.uniri.hr\/hr\/wp-json\/wp\/v2\/media\/7757"}],"wp:attachment":[{"href":"https:\/\/cnrm.uniri.hr\/hr\/wp-json\/wp\/v2\/media?parent=7759"}],"wp:term":[{"taxonomy":"category","embeddable":true,"href":"https:\/\/cnrm.uniri.hr\/hr\/wp-json\/wp\/v2\/categories?post=7759"},{"taxonomy":"post_tag","embeddable":true,"href":"https:\/\/cnrm.uniri.hr\/hr\/wp-json\/wp\/v2\/tags?post=7759"}],"curies":[{"name":"wp","href":"https:\/\/api.w.org\/{rel}","templated":true}]}}