{"id":8820,"date":"2024-01-22T09:42:46","date_gmt":"2024-01-22T08:42:46","guid":{"rendered":"https:\/\/cnrm.uniri.hr\/?page_id=8820"},"modified":"2024-01-22T09:52:23","modified_gmt":"2024-01-22T08:52:23","slug":"national-competence-centres-in-the-framework-of-eurohpc-phase-2","status":"publish","type":"page","link":"https:\/\/cnrm.uniri.hr\/hr\/national-competence-centres-in-the-framework-of-eurohpc-phase-2\/","title":{"rendered":"Nacionalni centri kompetencija u okviru EuroHPC Faza 2"},"content":{"rendered":"<p><\/p>\n<style>\nul {list-style-position: outside;text-align: justify;}\n.c1 {\nfloat: left;\nwidth: 15%;\n}\n.c2 {\nfloat: left;\nwidth: 10%;\n}\n.c3 {\nfloat: left;\nwidth: 70%;\n}\n.row:after {\ncontent: \"\";\ndisplay: table;\nclear: both;\n}\n<\/style>\n<div class=\"row\">\n<div class=\"c1\">\n <strong>Akronim:<\/strong><br \/>\n <strong>Trajanje projekta:<\/strong><br \/>\n <strong>Voditelj projekta:<\/strong><br \/>\n <strong>Bud\u017eet:<\/strong><br \/>\n <strong>Izvor financiranja:<\/strong>\n<\/div>\n<div class=\"c3\">\n EuroCC Phase 2<br \/>\n 2023 &#8211; 2025<br \/>\n Dobri\u0161a Dobreni\u0107<br \/>\n 671.213,00 EUR<br \/>\n Digitalna Europa\n<\/div>\n<\/div>\n<p>&nbsp;<\/p>\n<p style=\"text-align: justify;\"><strong>Opis:<\/strong> Projekt EuroCC 2 nastavak je projekta EuroCC kojim je uspostavljena mre\u017ea nacionalnih centara kompetencije za ra\u010dunalstvo visokih performansi u 33 dr\u017eave \u010dlanice European High-Performance Computing Joint Undertaking (EuroHPC JU), s ciljem pru\u017eanja portfelja usluga prilago\u0111enih pojedina\u010dnim nacionalnim potrebama industrije, znanstveno-akademske zajednice i javne uprave. Srce kao partner u projektu predvodi konzorcij hrvatskih institucija.<br \/>\n&nbsp;<\/p>\n<div class=\"row\">\n<div class=\"c2\">\n <strong>Partneri:<\/strong>\n<\/div>\n<div class=\"c3\">\nFakultet elektrotehnike, ra\u010dunarstva i informacijskih tehnologija Osijek<br \/>\nFakultet elektrotehnike, strojarstva i brodogradnje, Sveu\u010dili\u0161te u Splitu<br \/>\nInstitut Ru\u0111er Bo\u0161kovi\u0107<br \/>\nSveu\u010dili\u0161ni ra\u010dunski centar, Sveu\u010dili\u0161te u Zagrebu<br \/>\nTehni\u010dki fakultet, Sveu\u010dili\u0161te u Rijeci\n<\/div>\n<\/div>\n<p><\/p>","protected":false},"excerpt":{"rendered":"<p>Akronim: Trajanje projekta: Voditelj projekta: Bud\u017eet: Izvor financiranja: EuroCC Phase 2 2023 &#8211; 2025 Dobri\u0161a Dobreni\u0107 671.213,00 EUR Digitalna Europa &nbsp; Opis: Projekt EuroCC 2 nastavak je projekta EuroCC kojim je uspostavljena mre\u017ea nacionalnih centara kompetencije za ra\u010dunalstvo visokih performansi&hellip;&nbsp;<a href=\"https:\/\/cnrm.uniri.hr\/hr\/national-competence-centres-in-the-framework-of-eurohpc-phase-2\/\" class=\"more-link\">Read More<\/a><\/p>\n","protected":false},"author":17,"featured_media":7769,"parent":0,"menu_order":0,"comment_status":"closed","ping_status":"closed","template":"templates\/builder.php","meta":{"_links_to":"","_links_to_target":""},"categories":[35],"tags":[],"_links":{"self":[{"href":"https:\/\/cnrm.uniri.hr\/hr\/wp-json\/wp\/v2\/pages\/8820"}],"collection":[{"href":"https:\/\/cnrm.uniri.hr\/hr\/wp-json\/wp\/v2\/pages"}],"about":[{"href":"https:\/\/cnrm.uniri.hr\/hr\/wp-json\/wp\/v2\/types\/page"}],"author":[{"embeddable":true,"href":"https:\/\/cnrm.uniri.hr\/hr\/wp-json\/wp\/v2\/users\/17"}],"replies":[{"embeddable":true,"href":"https:\/\/cnrm.uniri.hr\/hr\/wp-json\/wp\/v2\/comments?post=8820"}],"version-history":[{"count":3,"href":"https:\/\/cnrm.uniri.hr\/hr\/wp-json\/wp\/v2\/pages\/8820\/revisions"}],"predecessor-version":[{"id":8826,"href":"https:\/\/cnrm.uniri.hr\/hr\/wp-json\/wp\/v2\/pages\/8820\/revisions\/8826"}],"wp:featuredmedia":[{"embeddable":true,"href":"https:\/\/cnrm.uniri.hr\/hr\/wp-json\/wp\/v2\/media\/7769"}],"wp:attachment":[{"href":"https:\/\/cnrm.uniri.hr\/hr\/wp-json\/wp\/v2\/media?parent=8820"}],"wp:term":[{"taxonomy":"category","embeddable":true,"href":"https:\/\/cnrm.uniri.hr\/hr\/wp-json\/wp\/v2\/categories?post=8820"},{"taxonomy":"post_tag","embeddable":true,"href":"https:\/\/cnrm.uniri.hr\/hr\/wp-json\/wp\/v2\/tags?post=8820"}],"curies":[{"name":"wp","href":"https:\/\/api.w.org\/{rel}","templated":true}]}}