{"id":8825,"date":"2024-01-22T09:54:20","date_gmt":"2024-01-22T08:54:20","guid":{"rendered":"https:\/\/cnrm.uniri.hr\/?page_id=8825"},"modified":"2024-01-22T09:56:37","modified_gmt":"2024-01-22T08:56:37","slug":"an-energy-park-based-on-hydrogen-technology-and-a-battery-system-in-the-low-carbon-transition-of-the-northern-adriatic","status":"publish","type":"page","link":"https:\/\/cnrm.uniri.hr\/hr\/an-energy-park-based-on-hydrogen-technology-and-a-battery-system-in-the-low-carbon-transition-of-the-northern-adriatic\/","title":{"rendered":"Energetski park baziran na tehnologiji vodika i baterijskog sustava u niskouglji\u010dnoj tranziciji sjevernog Jadrana"},"content":{"rendered":"<p><\/p>\n<style>\nul {list-style-position: outside;text-align: justify;}\n.c1 {\nfloat: left;\nwidth: 15%;\n}\n.c2 {\nfloat: left;\nwidth: 10%;\n}\n.c3 {\nfloat: left;\nwidth: 70%;\n}\n.row:after {\ncontent: \"\";\ndisplay: table;\nclear: both;\n}\n<\/style>\n<div class=\"row\">\n<div class=\"c1\">\n <strong>Trajanje projekta:<\/strong><br \/>\n <strong>Voditelj projekta:<\/strong><br \/>\n <strong>Bud\u017eet:<\/strong><br \/>\n <strong>Izvor financiranja:<\/strong>\n<\/div>\n<div class=\"c3\">\n 2023 &#8211; 2025<br \/>\n Lado Kranj\u010devi\u0107<br \/>\n 198.800,00 EUR<br \/>\n Fond za za\u0161titu okoli\u0161a i energetsku u\u010dinkovitost\n<\/div>\n<\/div>\n<p>&nbsp;<\/p>\n<p style=\"text-align: justify;\"><strong>Opis:<\/strong> Ubla\u017eavanjem nedostataka proizvodnog portfelja varijabilnih obnovljivih izvora energije pove\u0107ava se pouzdanost opskrbe, bitno umanjuju operativni tro\u0161kovi sustava i mitigira potreba za kapitalno-intenzivnom izgradnjom rezervnih proizvodnih kapaciteta. Odr\u017eiva tranzicija na decentralizirani, pametni sustav nagla\u0161ava potrebu za inovativnim rje\u0161enjima u predvi\u0111anju i upravljanju energetskim sustavom i podrazumijeva implementaciju naprednih programskih rje\u0161enja za upravljanje i optimizaciju. U tom kontekstu, digitalne tehnologije pokazat \u0107e se klju\u010dnima u omogu\u0107avanju energetske tranzicije. Pove\u0107ana uporaba elektri\u010dne energije zahtijeva sustav upravljanja koji je u stanju ispravno predvidjeti kratkoro\u010dne varijacije u proizvodnji i potra\u017enji te provoditi optimizaciju u stvarnom vremenu. U skladu s akcijama predvi\u0111enim od strane REPowerEU i Europskog zelenog plana, koji predvi\u0111aju programe proizvodnje odr\u017eive energije i diverzifikacije energetske opskrbe, ali i u kontekstu projekta Dolina vodika Sjeverni Jadran, kojeg je Sveu\u010dili\u0161te u Rijeci jedan od pokreta\u010da, a Tehni\u010dki fakultet Sveu\u010dili\u0161ta u Rijeci partner, i slijedom svega navedenog, predlo\u017eeni projekt ima dvostruki cilj. 1. Provesti tehno-ekonomsku analizu baterijskih sustava i postrojenja za proizvodnju i skladi\u0161tenje zelenog vodika. Ove tehnologije zajedno sa varijabilnim obnovljivim izvorima energije (OIE) \u010dine agregirani energetski park. Analiza mora pru\u017eati uvid u tehni\u010dke karakteristike sustava, njihova ograni\u010denja, kapitalne i varijabilne tro\u0161kove (nivelirani tro\u0161ak proizvodnje i skladi\u0161tenja) i parametre integracije u elektroenergetski sustav. Navedeni podaci bit \u0107e upotrijebljeni pri izradi digitalnog modela postrojenja za proizvodnju vodika i spremnika energije, koji \u0107e se koristiti kao ulazni parametri za drugi dio projekta. 2. Druga faza predlo\u017eenog projekta je izrada optimizacijskih i predikcijskih modela za optimalno iskori\u0161tenje baterijskih i vodikovih spremnika energije unutar elektroenergetskog sustava i zelenog vodika u niskouglji\u010dnoj tranziciji sjevernog Jadrana. Modeli \u0107e predvi\u0111ati kratkoro\u010dno kretanje definiranih parametara (poput potra\u017enje za energijom i proizvodnje varijabilnih OIE) temeljem kojih \u0107e se provoditi optimizacija rada agregatora.<br \/>\n&nbsp;<\/p>\n<div class=\"row\">\n<div class=\"c2\">\n <strong>Partneri:<\/strong>\n<\/div>\n<div class=\"c3\">\nTehni\u010dki fakultet, Sveu\u010dili\u0161te u Rijeci\n<\/div>\n<\/div>\n<p><\/p>","protected":false},"excerpt":{"rendered":"<p>Trajanje projekta: Voditelj projekta: Bud\u017eet: Izvor financiranja: 2023 &#8211; 2025 Lado Kranj\u010devi\u0107 198.800,00 EUR Fond za za\u0161titu okoli\u0161a i energetsku u\u010dinkovitost &nbsp; Opis: Ubla\u017eavanjem nedostataka proizvodnog portfelja varijabilnih obnovljivih izvora energije pove\u0107ava se pouzdanost opskrbe, bitno umanjuju operativni tro\u0161kovi sustava&hellip;&nbsp;<a href=\"https:\/\/cnrm.uniri.hr\/hr\/an-energy-park-based-on-hydrogen-technology-and-a-battery-system-in-the-low-carbon-transition-of-the-northern-adriatic\/\" class=\"more-link\">Read More<\/a><\/p>\n","protected":false},"author":17,"featured_media":8827,"parent":0,"menu_order":0,"comment_status":"closed","ping_status":"closed","template":"templates\/builder.php","meta":{"_links_to":"","_links_to_target":""},"categories":[35],"tags":[],"_links":{"self":[{"href":"https:\/\/cnrm.uniri.hr\/hr\/wp-json\/wp\/v2\/pages\/8825"}],"collection":[{"href":"https:\/\/cnrm.uniri.hr\/hr\/wp-json\/wp\/v2\/pages"}],"about":[{"href":"https:\/\/cnrm.uniri.hr\/hr\/wp-json\/wp\/v2\/types\/page"}],"author":[{"embeddable":true,"href":"https:\/\/cnrm.uniri.hr\/hr\/wp-json\/wp\/v2\/users\/17"}],"replies":[{"embeddable":true,"href":"https:\/\/cnrm.uniri.hr\/hr\/wp-json\/wp\/v2\/comments?post=8825"}],"version-history":[{"count":2,"href":"https:\/\/cnrm.uniri.hr\/hr\/wp-json\/wp\/v2\/pages\/8825\/revisions"}],"predecessor-version":[{"id":8829,"href":"https:\/\/cnrm.uniri.hr\/hr\/wp-json\/wp\/v2\/pages\/8825\/revisions\/8829"}],"wp:featuredmedia":[{"embeddable":true,"href":"https:\/\/cnrm.uniri.hr\/hr\/wp-json\/wp\/v2\/media\/8827"}],"wp:attachment":[{"href":"https:\/\/cnrm.uniri.hr\/hr\/wp-json\/wp\/v2\/media?parent=8825"}],"wp:term":[{"taxonomy":"category","embeddable":true,"href":"https:\/\/cnrm.uniri.hr\/hr\/wp-json\/wp\/v2\/categories?post=8825"},{"taxonomy":"post_tag","embeddable":true,"href":"https:\/\/cnrm.uniri.hr\/hr\/wp-json\/wp\/v2\/tags?post=8825"}],"curies":[{"name":"wp","href":"https:\/\/api.w.org\/{rel}","templated":true}]}}